{"id":242,"date":"2020-05-07T15:28:46","date_gmt":"2020-05-07T15:28:46","guid":{"rendered":"https:\/\/mmkt.dev\/qsertic\/inicio\/"},"modified":"2020-05-25T13:42:10","modified_gmt":"2020-05-25T13:42:10","slug":"inicio","status":"publish","type":"page","link":"https:\/\/qsertic.com\/ca\/","title":{"rendered":"Inici"},"content":{"rendered":"<div class=\"wpb-content-wrapper\">[vc_row][vc_column]\n\t\t\t<!-- START Inicio CAT REVOLUTION SLIDER 6.7.37 --><p class=\"rs-p-wp-fix\"><\/p>\n\t\t\t<rs-module-wrap id=\"rev_slider_2_1_wrapper\" data-source=\"gallery\" style=\"visibility:hidden;background:#b5d574;padding:0;margin:0px auto;margin-top:0;margin-bottom:0;\">\n\t\t\t\t<rs-module id=\"rev_slider_2_1\" style=\"\" data-version=\"6.7.37\">\n\t\t\t\t\t<rs-slides style=\"overflow: hidden; position: absolute;\">\n\t\t\t\t\t\t<rs-slide style=\"position: absolute;\" data-key=\"rs-4\" data-title=\"Slide\" data-thumb=\"\/\/qsertic.com\/wp-content\/uploads\/2020\/05\/slider1.jpg\" data-anim=\"ms:1000;r:0;\" data-in=\"o:0;\" data-out=\"a:false;\">\n\t\t\t\t\t\t\t<img src=\"\/\/qsertic.com\/wp-content\/plugins\/revslider\/sr6\/assets\/assets\/dummy.png\" alt=\"\" title=\"slider1\" width=\"1100\" height=\"400\" class=\"rev-slidebg tp-rs-img rs-lazyload\" data-lazyload=\"\/\/qsertic.com\/wp-content\/uploads\/2020\/05\/slider1.jpg\" data-no-retina>\n<!--\n\t\t\t\t\t\t\t--><rs-layer\n\t\t\t\t\t\t\t\tid=\"slider-2-slide-4-layer-1\" \n\t\t\t\t\t\t\t\tdata-type=\"text\"\n\t\t\t\t\t\t\t\tdata-rsp_ch=\"on\"\n\t\t\t\t\t\t\t\tdata-xy=\"xo:40px,37px,28px,17px;y:m;yo:-85px,-79px,-60px,-37px;\"\n\t\t\t\t\t\t\t\tdata-text=\"w:normal;s:44,40,30,18;l:50,46,34,20;\"\n\t\t\t\t\t\t\t\tdata-dim=\"w:460px,428px,325px,200px;h:70px,65px,49px,30px;\"\n\t\t\t\t\t\t\t\tdata-padding=\"t:10,9,7,4;r:20,19,14,9;b:10,9,7,4;l:20,19,14,9;\"\n\t\t\t\t\t\t\t\tdata-frame_1=\"st:1500;sR:1500;\"\n\t\t\t\t\t\t\t\tdata-frame_999=\"o:0;st:w;sR:7200;\"\n\t\t\t\t\t\t\t\tstyle=\"z-index:6;background-color:rgba(0,0,0,0.5);font-family:'Roboto';\"\n\t\t\t\t\t\t\t>El teu soci tecnol\u00f2gic \n\t\t\t\t\t\t\t<\/rs-layer><!--\n\n\t\t\t\t\t\t\t--><rs-layer\n\t\t\t\t\t\t\t\tid=\"slider-2-slide-4-layer-2\" \n\t\t\t\t\t\t\t\tdata-type=\"text\"\n\t\t\t\t\t\t\t\tdata-rsp_ch=\"on\"\n\t\t\t\t\t\t\t\tdata-xy=\"xo:40px,37px,28px,17px;y:m;yo:-20px,-18px,-13px,-8px;\"\n\t\t\t\t\t\t\t\tdata-text=\"w:normal;s:24,22,16,9;\"\n\t\t\t\t\t\t\t\tdata-dim=\"w:460px,428px,325px,200px;\"\n\t\t\t\t\t\t\t\tdata-padding=\"t:10,9,7,4;r:20,19,14,9;b:10,9,7,4;l:20,19,14,9;\"\n\t\t\t\t\t\t\t\tdata-frame_1=\"st:2500;sR:2500;\"\n\t\t\t\t\t\t\t\tdata-frame_999=\"o:0;st:w;sR:6200;\"\n\t\t\t\t\t\t\t\tstyle=\"z-index:7;background-color:rgba(0,0,0,0.5);font-family:'Roboto';\"\n\t\t\t\t\t\t\t>Serveis inform\u00e0tics personalitzats \n\t\t\t\t\t\t\t<\/rs-layer><!--\n\n\t\t\t\t\t\t\t--><rs-layer\n\t\t\t\t\t\t\t\tid=\"slider-2-slide-4-layer-3\" \n\t\t\t\t\t\t\t\tdata-type=\"text\"\n\t\t\t\t\t\t\t\tdata-rsp_ch=\"on\"\n\t\t\t\t\t\t\t\tdata-xy=\"xo:40px,37px,28px,17px;y:m;yo:82px,76px,57px,35px;\"\n\t\t\t\t\t\t\t\tdata-text=\"w:normal;s:14,13,9,5;l:20,18,13,8;\"\n\t\t\t\t\t\t\t\tdata-dim=\"w:460px,428px,325px,200px;\"\n\t\t\t\t\t\t\t\tdata-padding=\"t:10,9,7,4;r:20,19,14,9;b:15,14,11,7;l:20,19,14,9;\"\n\t\t\t\t\t\t\t\tdata-frame_1=\"st:3500;sR:3500;\"\n\t\t\t\t\t\t\t\tdata-frame_999=\"o:0;st:w;sR:5200;\"\n\t\t\t\t\t\t\t\tstyle=\"z-index:8;background-color:rgba(0,0,0,0.5);font-family:'Roboto';\"\n\t\t\t\t\t\t\t>Estem al teu costat, comprenent i recolzant teu negoci perqu\u00e8 aconsegueixis arribar al cim. M\u00e9s que prove\u00efdors, ens considerem socis tecnol\u00f2gics del teu projecte empresarial, i el nostre objectiu \u00e9s que es desenvolupi i que arribi a l'\u00e8xit.<br \/>\n<a class=\"slider-button\" href=\"https:\/\/qsertic.com\/ca\/serveis\/consultoria-en-tecnologies-de-la-informacio\/\">Llegir m\u00e9s<\/a> \n\t\t\t\t\t\t\t<\/rs-layer><!--\n-->\t\t\t\t\t<\/rs-slide>\n\t\t\t\t\t\t<rs-slide style=\"position: absolute;\" data-key=\"rs-5\" data-title=\"Slide\" data-thumb=\"\/\/qsertic.com\/wp-content\/uploads\/2020\/05\/slider2.jpg\" data-anim=\"ms:1000;r:0;\" data-in=\"o:0;\" data-out=\"a:false;\">\n\t\t\t\t\t\t\t<img src=\"\/\/qsertic.com\/wp-content\/plugins\/revslider\/sr6\/assets\/assets\/dummy.png\" alt=\"\" title=\"slider2\" width=\"1100\" height=\"400\" class=\"rev-slidebg tp-rs-img rs-lazyload\" data-lazyload=\"\/\/qsertic.com\/wp-content\/uploads\/2020\/05\/slider2.jpg\" data-no-retina>\n<!--\n\t\t\t\t\t\t\t--><rs-layer\n\t\t\t\t\t\t\t\tid=\"slider-2-slide-5-layer-1\" \n\t\t\t\t\t\t\t\tdata-type=\"text\"\n\t\t\t\t\t\t\t\tdata-color=\"#555555\"\n\t\t\t\t\t\t\t\tdata-rsp_ch=\"on\"\n\t\t\t\t\t\t\t\tdata-xy=\"xo:40px,37px,28px,17px;yo:40px,37px,28px,17px;\"\n\t\t\t\t\t\t\t\tdata-text=\"w:normal;s:35,32,24,14;l:50,46,34,20;\"\n\t\t\t\t\t\t\t\tdata-dim=\"w:620px,577px,438px,270px;h:70px,65px,49px,30px;\"\n\t\t\t\t\t\t\t\tdata-padding=\"t:10,9,7,4;r:20,19,14,9;b:10,9,7,4;l:20,19,14,9;\"\n\t\t\t\t\t\t\t\tdata-frame_1=\"st:1500;sR:1500;\"\n\t\t\t\t\t\t\t\tdata-frame_999=\"o:0;st:w;sR:7200;\"\n\t\t\t\t\t\t\t\tstyle=\"z-index:6;font-family:'Roboto';\"\n\t\t\t\t\t\t\t>Business Intelligence \n\t\t\t\t\t\t\t<\/rs-layer><!--\n\n\t\t\t\t\t\t\t--><rs-layer\n\t\t\t\t\t\t\t\tid=\"slider-2-slide-5-layer-2\" \n\t\t\t\t\t\t\t\tdata-type=\"text\"\n\t\t\t\t\t\t\t\tdata-color=\"#555555\"\n\t\t\t\t\t\t\t\tdata-rsp_ch=\"on\"\n\t\t\t\t\t\t\t\tdata-xy=\"xo:40px,37px,28px,17px;yo:100px,93px,70px,43px;\"\n\t\t\t\t\t\t\t\tdata-text=\"w:normal;s:24,22,16,9;\"\n\t\t\t\t\t\t\t\tdata-dim=\"w:600px,558px,423px,260px;h:45px,41px,31px,19px;\"\n\t\t\t\t\t\t\t\tdata-padding=\"t:10,9,7,4;r:20,19,14,9;b:10,9,7,4;l:20,19,14,9;\"\n\t\t\t\t\t\t\t\tdata-frame_1=\"st:2500;sR:2500;\"\n\t\t\t\t\t\t\t\tdata-frame_999=\"o:0;st:w;sR:6200;\"\n\t\t\t\t\t\t\t\tstyle=\"z-index:7;font-family:'Roboto';\"\n\t\t\t\t\t\t\t>El rumb de l'empresa resumit en un full \n\t\t\t\t\t\t\t<\/rs-layer><!--\n\n\t\t\t\t\t\t\t--><rs-layer\n\t\t\t\t\t\t\t\tid=\"slider-2-slide-5-layer-3\" \n\t\t\t\t\t\t\t\tdata-type=\"text\"\n\t\t\t\t\t\t\t\tdata-color=\"#555555\"\n\t\t\t\t\t\t\t\tdata-rsp_ch=\"on\"\n\t\t\t\t\t\t\t\tdata-xy=\"xo:40px,37px,28px,17px;yo:150px,139px,105px,64px;\"\n\t\t\t\t\t\t\t\tdata-text=\"w:normal;s:14,13,9,5;l:20,18,13,8;\"\n\t\t\t\t\t\t\t\tdata-dim=\"w:637px,592px,449px,277px;h:125px,116px,88px,54px;\"\n\t\t\t\t\t\t\t\tdata-padding=\"t:10,9,7,4;r:20,19,14,9;b:15,14,11,7;l:20,19,14,9;\"\n\t\t\t\t\t\t\t\tdata-frame_1=\"st:3500;sR:3500;\"\n\t\t\t\t\t\t\t\tdata-frame_999=\"o:0;st:w;sR:5200;\"\n\t\t\t\t\t\t\t\tstyle=\"z-index:8;font-family:'Roboto';\"\n\t\t\t\t\t\t\t>Un bon disseny de quadre de comandaments permet tenir informaci\u00f3 sobre la situaci\u00f3 de la companyia, i \u00e9s fonamental per prendre decisions encertades sobre el cam\u00ed a seguir. No s\u00f3n necess\u00e0ries grans i complicades fulls de c\u00e0lcul plenes de nombres. Basta per a aix\u00f2 amb un bon gr\u00e0fic i tres o quatre percentatges.<br \/>\n<a class=\"slider-button\" href=\"https:\/\/qsertic.com\/ca\/serveis\/business-intelligence\/\">Llegir m\u00e9s<\/a> \n\t\t\t\t\t\t\t<\/rs-layer><!--\n-->\t\t\t\t\t<\/rs-slide>\n\t\t\t\t\t\t<rs-slide style=\"position: absolute;\" data-key=\"rs-6\" data-title=\"Slide\" data-thumb=\"\/\/qsertic.com\/wp-content\/uploads\/2020\/05\/slider3.jpg\" data-anim=\"ms:1000;r:0;\" data-in=\"o:0;\" data-out=\"a:false;\">\n\t\t\t\t\t\t\t<img src=\"\/\/qsertic.com\/wp-content\/plugins\/revslider\/sr6\/assets\/assets\/dummy.png\" alt=\"\" title=\"slider3\" width=\"1100\" height=\"400\" class=\"rev-slidebg tp-rs-img rs-lazyload\" data-lazyload=\"\/\/qsertic.com\/wp-content\/uploads\/2020\/05\/slider3.jpg\" data-no-retina>\n<!--\n\t\t\t\t\t\t\t--><rs-layer\n\t\t\t\t\t\t\t\tid=\"slider-2-slide-6-layer-1\" \n\t\t\t\t\t\t\t\tdata-type=\"text\"\n\t\t\t\t\t\t\t\tdata-color=\"#555555\"\n\t\t\t\t\t\t\t\tdata-rsp_ch=\"on\"\n\t\t\t\t\t\t\t\tdata-xy=\"xo:40px,37px,28px,17px;yo:40px,37px,28px,17px;\"\n\t\t\t\t\t\t\t\tdata-text=\"w:normal;s:35,32,24,14;l:50,46,34,20;\"\n\t\t\t\t\t\t\t\tdata-dim=\"w:713px,663px,503px,310px;h:120px,111px,84px,51px;\"\n\t\t\t\t\t\t\t\tdata-padding=\"t:10,9,7,4;r:20,19,14,9;b:10,9,7,4;l:20,19,14,9;\"\n\t\t\t\t\t\t\t\tdata-frame_1=\"st:1500;sR:1500;\"\n\t\t\t\t\t\t\t\tdata-frame_999=\"o:0;st:w;sR:7200;\"\n\t\t\t\t\t\t\t\tstyle=\"z-index:6;font-family:'Roboto';\"\n\t\t\t\t\t\t\t>Parlem el teu mateix llenguatge \n\t\t\t\t\t\t\t<\/rs-layer><!--\n\n\t\t\t\t\t\t\t--><rs-layer\n\t\t\t\t\t\t\t\tid=\"slider-2-slide-6-layer-2\" \n\t\t\t\t\t\t\t\tdata-type=\"text\"\n\t\t\t\t\t\t\t\tdata-color=\"#555555\"\n\t\t\t\t\t\t\t\tdata-rsp_ch=\"on\"\n\t\t\t\t\t\t\t\tdata-xy=\"xo:40px,37px,28px,17px;yo:100px,93px,70px,43px;\"\n\t\t\t\t\t\t\t\tdata-text=\"w:normal;s:24,22,16,9;\"\n\t\t\t\t\t\t\t\tdata-dim=\"w:600px,558px,423px,260px;h:45px,41px,31px,19px;\"\n\t\t\t\t\t\t\t\tdata-padding=\"t:10,9,7,4;r:20,19,14,9;b:10,9,7,4;l:20,19,14,9;\"\n\t\t\t\t\t\t\t\tdata-frame_1=\"st:2500;sR:2500;\"\n\t\t\t\t\t\t\t\tdata-frame_999=\"o:0;st:w;sR:6200;\"\n\t\t\t\t\t\t\t\tstyle=\"z-index:7;font-family:'Roboto';\"\n\t\t\t\t\t\t\t>Comunicaci\u00f3 efica\u00e7 amb els nostres clients \n\t\t\t\t\t\t\t<\/rs-layer><!--\n\n\t\t\t\t\t\t\t--><rs-layer\n\t\t\t\t\t\t\t\tid=\"slider-2-slide-6-layer-3\" \n\t\t\t\t\t\t\t\tdata-type=\"text\"\n\t\t\t\t\t\t\t\tdata-color=\"#555555\"\n\t\t\t\t\t\t\t\tdata-rsp_ch=\"on\"\n\t\t\t\t\t\t\t\tdata-xy=\"xo:40px,37px,28px,17px;yo:150px,139px,105px,64px;\"\n\t\t\t\t\t\t\t\tdata-text=\"w:normal;s:14,13,9,5;l:20,18,13,8;\"\n\t\t\t\t\t\t\t\tdata-dim=\"w:421px,391px,297px,183px;h:185px,172px,130px,80px;\"\n\t\t\t\t\t\t\t\tdata-padding=\"t:10,9,7,4;r:20,19,14,9;b:15,14,11,7;l:20,19,14,9;\"\n\t\t\t\t\t\t\t\tdata-frame_1=\"st:3500;sR:3500;\"\n\t\t\t\t\t\t\t\tdata-frame_999=\"o:0;st:w;sR:5200;\"\n\t\t\t\t\t\t\t\tstyle=\"z-index:8;font-family:'Roboto';\"\n\t\t\t\t\t\t\t>A vegades et d\u00f3na la sensaci\u00f3 al parlar amb els consultors de projectes inform\u00e0tics, que ni els entens, ni ells t'entenen. Nosaltres parlem en termes del teu negoci: creixement, rendibilitat, clients, factures, .... Els bits, els bytes, l'ample de banda i el temps de lat\u00e8ncia hi s\u00f3n, per\u00f2 nosaltres et tradu\u00efm com es reflecteixen en termes de benefici per al teu negoci.<br \/>\n<a class=\"slider-button\" href=\"https:\/\/qsertic.com\/ca\/contacte\/\">Comprova-ho Truca'ns<\/a> \n\t\t\t\t\t\t\t<\/rs-layer><!--\n-->\t\t\t\t\t<\/rs-slide>\n\t\t\t\t\t<\/rs-slides>\n\t\t\t\t<\/rs-module>\n\t\t\t\t<script>\n\t\t\t\t\tsetREVStartSize({c: 'rev_slider_2_1',rl:[1240,1024,778,480],el:[400,768,960,720],gw:[1100,1024,778,480],gh:[400,400,400,400],type:'standard',justify:'',layout:'fullwidth',mh:\"0\"});if (window.RS_MODULES!==undefined && window.RS_MODULES.modules!==undefined && window.RS_MODULES.modules[\"revslider21\"]!==undefined) {window.RS_MODULES.modules[\"revslider21\"].once = false;window.revapi2 = undefined;if (window.RS_MODULES.checkMinimal!==undefined) window.RS_MODULES.checkMinimal()}\n\t\t\t\t<\/script>\n\t\t\t<\/rs-module-wrap>\n\t\t\t<!-- END REVOLUTION SLIDER -->\n[\/vc_column][\/vc_row][vc_row css=&#8221;.vc_custom_1589210226729{padding-top: 40px !important;padding-bottom: 40px !important;}&#8221;][vc_column width=&#8221;1\/4&#8243;]<div class=\"vcex-module vcex-icon-box vcex-icon-box-two wpex-block wpex-text-center\"><div class=\"vcex-icon-box-symbol vcex-icon-box-symbol--icon wpex-mb-20\"><a href=\"https:\/\/qsertic.com\/ca\/serveis\/consultoria-en-tecnologies-de-la-informacio\/\" class=\"wpex-no-underline\"><div class=\"vcex-icon-box-icon wpex-items-center wpex-justify-center wpex-child-inherit-color wpex-text-center wpex-leading-none wpex-inline-flex wpex-text-1\"><span class=\"wpex-flex wpex-icon\" aria-hidden=\"true\"><svg xmlns=\"http:\/\/www.w3.org\/2000\/svg\" viewBox=\"0 0 512 512\"><path d=\"M121 32C91.6 32 66 52 58.9 80.5L1.9 308.4C.6 313.5 0 318.7 0 323.9V416c0 35.3 28.7 64 64 64H448c35.3 0 64-28.7 64-64V323.9c0-5.2-.6-10.4-1.9-15.5l-57-227.9C446 52 420.4 32 391 32H121zm0 64H391l48 192H387.8c-12.1 0-23.2 6.8-28.6 17.7l-14.3 28.6c-5.4 10.8-16.5 17.7-28.6 17.7H195.8c-12.1 0-23.2-6.8-28.6-17.7l-14.3-28.6c-5.4-10.8-16.5-17.7-28.6-17.7H73L121 96z\"\/><\/svg><\/span><\/div><\/a><\/div><div class=\"vcex-icon-box-text\"><h2 class=\"vcex-icon-box-heading wpex-heading wpex-text-md wpex-mb-10\"><a href=\"https:\/\/qsertic.com\/ca\/serveis\/consultoria-en-tecnologies-de-la-informacio\/\" class=\"vcex-icon-box-link wpex-no-underline\">Consultor\u00eda TI<\/a><\/h2><div class=\"vcex-icon-box-content wpex-last-mb-0 wpex-clr\"><p>Som m\u00e9s que uns consultors. No nom\u00e9s analitzem els problemes i proposem solucions, tamb\u00e9 t&#8217;ajudem a posar-les en marxa.<\/p>\n<div class=\"theme-button-wrap textcenter wpex-clr\"><a href=\"https:\/\/qsertic.com\/ca\/serveis\/consultoria-en-tecnologies-de-la-informacio\/\" class=\"vcex-button theme-button flat a8d66e small align-center inline\" title=\"Llegir m\u00e9s\" rel=\"none\"><span class=\"vcex-button-inner theme-button-inner wpex-flex wpex-flex-wrap wpex-items-center wpex-justify-center\">Llegir m\u00e9s<\/span><\/a><\/div> \n<\/div><\/div><\/div>[\/vc_column][vc_column width=&#8221;1\/4&#8243;]<div class=\"vcex-module vcex-icon-box vcex-icon-box-two wpex-block wpex-text-center\"><div class=\"vcex-icon-box-symbol vcex-icon-box-symbol--icon wpex-mb-20\"><a href=\"https:\/\/qsertic.com\/serveis\/auditoria-de-sistemes-informatics\/?lang=ca\" class=\"wpex-no-underline\"><div class=\"vcex-icon-box-icon wpex-items-center wpex-justify-center wpex-child-inherit-color wpex-text-center wpex-leading-none wpex-inline-flex wpex-text-1\"><span class=\"wpex-flex wpex-icon\" aria-hidden=\"true\"><svg xmlns=\"http:\/\/www.w3.org\/2000\/svg\" viewBox=\"0 0 512 512\"><path d=\"M256 48a208 208 0 1 1 0 416 208 208 0 1 1 0-416zm0 464A256 256 0 1 0 256 0a256 256 0 1 0 0 512zM369 209c9.4-9.4 9.4-24.6 0-33.9s-24.6-9.4-33.9 0l-111 111-47-47c-9.4-9.4-24.6-9.4-33.9 0s-9.4 24.6 0 33.9l64 64c9.4 9.4 24.6 9.4 33.9 0L369 209z\"\/><\/svg><\/span><\/div><\/a><\/div><div class=\"vcex-icon-box-text\"><h2 class=\"vcex-icon-box-heading wpex-heading wpex-text-md wpex-mb-10\"><a href=\"https:\/\/qsertic.com\/serveis\/auditoria-de-sistemes-informatics\/?lang=ca\" class=\"vcex-icon-box-link wpex-no-underline\">Auditoria TI<\/a><\/h2><div class=\"vcex-icon-box-content wpex-last-mb-0 wpex-clr\"><p>Vols que avaluem l&#8217;efic\u00e0cia i l&#8217;efici\u00e8ncia dels recursos de la teva organitzaci\u00f3? Vols con\u00e8ixer les vulnerabilitats del sistema i saber com solucionar?<\/p>\n<div class=\"theme-button-wrap textcenter wpex-clr\"><a href=\"https:\/\/qsertic.com\/ca\/serveis\/auditoria-de-sistemes-informatics\/\" class=\"vcex-button theme-button flat a8d66e small align-center inline\" title=\"Llegir m\u00e9s\" rel=\"none\"><span class=\"vcex-button-inner theme-button-inner wpex-flex wpex-flex-wrap wpex-items-center wpex-justify-center\">Llegir m\u00e9s<\/span><\/a><\/div> \n<\/div><\/div><\/div>[\/vc_column][vc_column width=&#8221;1\/4&#8243;]<div class=\"vcex-module vcex-icon-box vcex-icon-box-two wpex-block wpex-text-center\"><div class=\"vcex-icon-box-symbol vcex-icon-box-symbol--icon wpex-mb-20\"><a href=\"https:\/\/qsertic.com\/serveis\/integracio-de-sistemes-i-comunicacions\/?lang=ca\" class=\"wpex-no-underline\"><div class=\"vcex-icon-box-icon wpex-items-center wpex-justify-center wpex-child-inherit-color wpex-text-center wpex-leading-none wpex-inline-flex wpex-text-1\"><span class=\"wpex-flex wpex-icon\" aria-hidden=\"true\"><svg xmlns=\"http:\/\/www.w3.org\/2000\/svg\" viewBox=\"0 0 640 512\"><path d=\"M54.2 202.9C123.2 136.7 216.8 96 320 96s196.8 40.7 265.8 106.9c12.8 12.2 33 11.8 45.2-.9s11.8-33-.9-45.2C549.7 79.5 440.4 32 320 32S90.3 79.5 9.8 156.7C-2.9 169-3.3 189.2 8.9 202s32.5 13.2 45.2 .9zM320 256c56.8 0 108.6 21.1 148.2 56c13.3 11.7 33.5 10.4 45.2-2.8s10.4-33.5-2.8-45.2C459.8 219.2 393 192 320 192s-139.8 27.2-190.5 72c-13.3 11.7-14.5 31.9-2.8 45.2s31.9 14.5 45.2 2.8c39.5-34.9 91.3-56 148.2-56zm64 160a64 64 0 1 0 -128 0 64 64 0 1 0 128 0z\"\/><\/svg><\/span><\/div><\/a><\/div><div class=\"vcex-icon-box-text\"><h2 class=\"vcex-icon-box-heading wpex-heading wpex-text-md wpex-mb-10\"><a href=\"https:\/\/qsertic.com\/serveis\/integracio-de-sistemes-i-comunicacions\/?lang=ca\" class=\"vcex-icon-box-link wpex-no-underline\">Integraci\u00f3 SC<\/a><\/h2><div class=\"vcex-icon-box-content wpex-last-mb-0 wpex-clr\"><p>Els Sistemes i Comunicacions (LAN i WAN) s\u00f3n les carreteres per les quals circula la valuosa informaci\u00f3 de la seva empresa. Un bon disseny i manteniment continu s\u00f3n garantia per a un creixement futur<\/p>\n<div class=\"theme-button-wrap textcenter wpex-clr\"><a href=\"https:\/\/qsertic.com\/ca\/serveis\/integracio-de-sistemes-i-comunicacions\/\" class=\"vcex-button theme-button flat a8d66e small align-center inline\" title=\"Llegir m\u00e9s\" rel=\"none\"><span class=\"vcex-button-inner theme-button-inner wpex-flex wpex-flex-wrap wpex-items-center wpex-justify-center\">Llegir m\u00e9s<\/span><\/a><\/div> \n<\/div><\/div><\/div>[\/vc_column][vc_column width=&#8221;1\/4&#8243;]<div class=\"vcex-module vcex-icon-box vcex-icon-box-two wpex-block wpex-text-center\"><div class=\"vcex-icon-box-symbol vcex-icon-box-symbol--icon wpex-mb-20\"><a href=\"https:\/\/qsertic.com\/serveis\/formacio-ti\/?lang=ca\" class=\"wpex-no-underline\"><div class=\"vcex-icon-box-icon wpex-items-center wpex-justify-center wpex-child-inherit-color wpex-text-center wpex-leading-none wpex-inline-flex wpex-text-1\"><span class=\"wpex-flex wpex-icon\" aria-hidden=\"true\"><svg xmlns=\"http:\/\/www.w3.org\/2000\/svg\" viewBox=\"0 0 640 512\"><path d=\"M320 32c-8.1 0-16.1 1.4-23.7 4.1L15.8 137.4C6.3 140.9 0 149.9 0 160s6.3 19.1 15.8 22.6l57.9 20.9C57.3 229.3 48 259.8 48 291.9v28.1c0 28.4-10.8 57.7-22.3 80.8c-6.5 13-13.9 25.8-22.5 37.6C0 442.7-.9 448.3 .9 453.4s6 8.9 11.2 10.2l64 16c4.2 1.1 8.7 .3 12.4-2s6.3-6.1 7.1-10.4c8.6-42.8 4.3-81.2-2.1-108.7C90.3 344.3 86 329.8 80 316.5V291.9c0-30.2 10.2-58.7 27.9-81.5c12.9-15.5 29.6-28 49.2-35.7l157-61.7c8.2-3.2 17.5 .8 20.7 9s-.8 17.5-9 20.7l-157 61.7c-12.4 4.9-23.3 12.4-32.2 21.6l159.6 57.6c7.6 2.7 15.6 4.1 23.7 4.1s16.1-1.4 23.7-4.1L624.2 182.6c9.5-3.4 15.8-12.5 15.8-22.6s-6.3-19.1-15.8-22.6L343.7 36.1C336.1 33.4 328.1 32 320 32zM128 408c0 35.3 86 72 192 72s192-36.7 192-72L496.7 262.6 354.5 314c-11.1 4-22.8 6-34.5 6s-23.5-2-34.5-6L143.3 262.6 128 408z\"\/><\/svg><\/span><\/div><\/a><\/div><div class=\"vcex-icon-box-text\"><h2 class=\"vcex-icon-box-heading wpex-heading wpex-text-md wpex-mb-10\"><a href=\"https:\/\/qsertic.com\/serveis\/formacio-ti\/?lang=ca\" class=\"vcex-icon-box-link wpex-no-underline\">Formaci\u00f3 TI<\/a><\/h2><div class=\"vcex-icon-box-content wpex-last-mb-0 wpex-clr\"><p>Est\u00e0 b\u00e9 ser autodidacte per\u00f2 sempre \u00e9s m\u00e9s eficient aprendre de l&#8217;experi\u00e8ncia dels professionals. Vols que l&#8217;ensenyem?<\/p>\n<div class=\"theme-button-wrap textcenter wpex-clr\"><a href=\"https:\/\/qsertic.com\/ca\/serveis\/formacio-ti\/\" class=\"vcex-button theme-button flat a8d66e small align-center inline\" title=\"Llegir m\u00e9s\" rel=\"none\"><span class=\"vcex-button-inner theme-button-inner wpex-flex wpex-flex-wrap wpex-items-center wpex-justify-center\">Llegir m\u00e9s<\/span><\/a><\/div> \n<\/div><\/div><\/div>[\/vc_column][\/vc_row]\n<\/div>","protected":false},"excerpt":{"rendered":"<p>[vc_row][vc_column][\/vc_column][\/vc_row][vc_row css=&#8221;.vc_custom_1589210226729{padding-top: 40px !important;padding-bottom: 40px !important;}&#8221;][vc_column width=&#8221;1\/4&#8243;][\/vc_column][vc_column width=&#8221;1\/4&#8243;][\/vc_column][vc_column width=&#8221;1\/4&#8243;][\/vc_column][vc_column width=&#8221;1\/4&#8243;][\/vc_column][\/vc_row]<\/p>\n","protected":false},"author":1,"featured_media":0,"parent":0,"menu_order":0,"comment_status":"closed","ping_status":"closed","template":"","meta":{"footnotes":""},"class_list":["post-242","page","type-page","status-publish","hentry","entry","no-media"],"yoast_head":"<!-- This site is optimized with the Yoast SEO plugin v26.0 - https:\/\/yoast.com\/wordpress\/plugins\/seo\/ -->\n<title>Inici - Qsertic<\/title>\n<meta name=\"robots\" content=\"index, follow, max-snippet:-1, max-image-preview:large, max-video-preview:-1\" \/>\n<link rel=\"canonical\" href=\"https:\/\/qsertic.com\/ca\/\" \/>\n<meta property=\"og:locale\" content=\"ca_ES\" \/>\n<meta property=\"og:type\" content=\"article\" \/>\n<meta property=\"og:title\" content=\"Inici - Qsertic\" \/>\n<meta property=\"og:description\" content=\"[vc_row][vc_column][\/vc_column][\/vc_row][vc_row css=&#8221;.vc_custom_1589210226729{padding-top: 40px !important;padding-bottom: 40px !important;}&#8221;][vc_column width=&#8221;1\/4&#8243;][\/vc_column][vc_column width=&#8221;1\/4&#8243;][\/vc_column][vc_column width=&#8221;1\/4&#8243;][\/vc_column][vc_column width=&#8221;1\/4&#8243;][\/vc_column][\/vc_row]\" \/>\n<meta property=\"og:url\" content=\"https:\/\/qsertic.com\/ca\/\" \/>\n<meta property=\"og:site_name\" content=\"Qsertic\" \/>\n<meta property=\"article:modified_time\" content=\"2020-05-25T13:42:10+00:00\" \/>\n<meta name=\"twitter:card\" content=\"summary_large_image\" \/>\n<meta name=\"twitter:label1\" content=\"Temps estimat de lectura\" \/>\n\t<meta name=\"twitter:data1\" content=\"2 minuts\" \/>\n<script type=\"application\/ld+json\" class=\"yoast-schema-graph\">{\"@context\":\"https:\/\/schema.org\",\"@graph\":[{\"@type\":\"WebPage\",\"@id\":\"https:\/\/qsertic.com\/ca\/\",\"url\":\"https:\/\/qsertic.com\/ca\/\",\"name\":\"Inici - Qsertic\",\"isPartOf\":{\"@id\":\"https:\/\/qsertic.com\/ca\/#website\"},\"datePublished\":\"2020-05-07T15:28:46+00:00\",\"dateModified\":\"2020-05-25T13:42:10+00:00\",\"breadcrumb\":{\"@id\":\"https:\/\/qsertic.com\/ca\/#breadcrumb\"},\"inLanguage\":\"ca\",\"potentialAction\":[{\"@type\":\"ReadAction\",\"target\":[\"https:\/\/qsertic.com\/ca\/\"]}]},{\"@type\":\"BreadcrumbList\",\"@id\":\"https:\/\/qsertic.com\/ca\/#breadcrumb\",\"itemListElement\":[{\"@type\":\"ListItem\",\"position\":1,\"name\":\"Portada\",\"item\":\"https:\/\/qsertic.com\/ca\/\"},{\"@type\":\"ListItem\",\"position\":2,\"name\":\"Inici\"}]},{\"@type\":\"WebSite\",\"@id\":\"https:\/\/qsertic.com\/ca\/#website\",\"url\":\"https:\/\/qsertic.com\/ca\/\",\"name\":\"Qsertic\",\"description\":\"Tu socio tecnol\u00f3gico\",\"publisher\":{\"@id\":\"https:\/\/qsertic.com\/ca\/#organization\"},\"potentialAction\":[{\"@type\":\"SearchAction\",\"target\":{\"@type\":\"EntryPoint\",\"urlTemplate\":\"https:\/\/qsertic.com\/ca\/?s={search_term_string}\"},\"query-input\":{\"@type\":\"PropertyValueSpecification\",\"valueRequired\":true,\"valueName\":\"search_term_string\"}}],\"inLanguage\":\"ca\"},{\"@type\":\"Organization\",\"@id\":\"https:\/\/qsertic.com\/ca\/#organization\",\"name\":\"Qsertic\",\"url\":\"https:\/\/qsertic.com\/ca\/\",\"logo\":{\"@type\":\"ImageObject\",\"inLanguage\":\"ca\",\"@id\":\"https:\/\/qsertic.com\/ca\/#\/schema\/logo\/image\/\",\"url\":\"https:\/\/qsertic.com\/wp-content\/uploads\/2020\/05\/logo.png\",\"contentUrl\":\"https:\/\/qsertic.com\/wp-content\/uploads\/2020\/05\/logo.png\",\"width\":275,\"height\":109,\"caption\":\"Qsertic\"},\"image\":{\"@id\":\"https:\/\/qsertic.com\/ca\/#\/schema\/logo\/image\/\"}}]}<\/script>\n<!-- \/ Yoast SEO plugin. -->","yoast_head_json":{"title":"Inici - Qsertic","robots":{"index":"index","follow":"follow","max-snippet":"max-snippet:-1","max-image-preview":"max-image-preview:large","max-video-preview":"max-video-preview:-1"},"canonical":"https:\/\/qsertic.com\/ca\/","og_locale":"ca_ES","og_type":"article","og_title":"Inici - Qsertic","og_description":"[vc_row][vc_column][\/vc_column][\/vc_row][vc_row css=&#8221;.vc_custom_1589210226729{padding-top: 40px !important;padding-bottom: 40px !important;}&#8221;][vc_column width=&#8221;1\/4&#8243;][\/vc_column][vc_column width=&#8221;1\/4&#8243;][\/vc_column][vc_column width=&#8221;1\/4&#8243;][\/vc_column][vc_column width=&#8221;1\/4&#8243;][\/vc_column][\/vc_row]","og_url":"https:\/\/qsertic.com\/ca\/","og_site_name":"Qsertic","article_modified_time":"2020-05-25T13:42:10+00:00","twitter_card":"summary_large_image","twitter_misc":{"Temps estimat de lectura":"2 minuts"},"schema":{"@context":"https:\/\/schema.org","@graph":[{"@type":"WebPage","@id":"https:\/\/qsertic.com\/ca\/","url":"https:\/\/qsertic.com\/ca\/","name":"Inici - Qsertic","isPartOf":{"@id":"https:\/\/qsertic.com\/ca\/#website"},"datePublished":"2020-05-07T15:28:46+00:00","dateModified":"2020-05-25T13:42:10+00:00","breadcrumb":{"@id":"https:\/\/qsertic.com\/ca\/#breadcrumb"},"inLanguage":"ca","potentialAction":[{"@type":"ReadAction","target":["https:\/\/qsertic.com\/ca\/"]}]},{"@type":"BreadcrumbList","@id":"https:\/\/qsertic.com\/ca\/#breadcrumb","itemListElement":[{"@type":"ListItem","position":1,"name":"Portada","item":"https:\/\/qsertic.com\/ca\/"},{"@type":"ListItem","position":2,"name":"Inici"}]},{"@type":"WebSite","@id":"https:\/\/qsertic.com\/ca\/#website","url":"https:\/\/qsertic.com\/ca\/","name":"Qsertic","description":"Tu socio tecnol\u00f3gico","publisher":{"@id":"https:\/\/qsertic.com\/ca\/#organization"},"potentialAction":[{"@type":"SearchAction","target":{"@type":"EntryPoint","urlTemplate":"https:\/\/qsertic.com\/ca\/?s={search_term_string}"},"query-input":{"@type":"PropertyValueSpecification","valueRequired":true,"valueName":"search_term_string"}}],"inLanguage":"ca"},{"@type":"Organization","@id":"https:\/\/qsertic.com\/ca\/#organization","name":"Qsertic","url":"https:\/\/qsertic.com\/ca\/","logo":{"@type":"ImageObject","inLanguage":"ca","@id":"https:\/\/qsertic.com\/ca\/#\/schema\/logo\/image\/","url":"https:\/\/qsertic.com\/wp-content\/uploads\/2020\/05\/logo.png","contentUrl":"https:\/\/qsertic.com\/wp-content\/uploads\/2020\/05\/logo.png","width":275,"height":109,"caption":"Qsertic"},"image":{"@id":"https:\/\/qsertic.com\/ca\/#\/schema\/logo\/image\/"}}]}},"_links":{"self":[{"href":"https:\/\/qsertic.com\/ca\/wp-json\/wp\/v2\/pages\/242","targetHints":{"allow":["GET"]}}],"collection":[{"href":"https:\/\/qsertic.com\/ca\/wp-json\/wp\/v2\/pages"}],"about":[{"href":"https:\/\/qsertic.com\/ca\/wp-json\/wp\/v2\/types\/page"}],"author":[{"embeddable":true,"href":"https:\/\/qsertic.com\/ca\/wp-json\/wp\/v2\/users\/1"}],"replies":[{"embeddable":true,"href":"https:\/\/qsertic.com\/ca\/wp-json\/wp\/v2\/comments?post=242"}],"version-history":[{"count":9,"href":"https:\/\/qsertic.com\/ca\/wp-json\/wp\/v2\/pages\/242\/revisions"}],"predecessor-version":[{"id":318,"href":"https:\/\/qsertic.com\/ca\/wp-json\/wp\/v2\/pages\/242\/revisions\/318"}],"wp:attachment":[{"href":"https:\/\/qsertic.com\/ca\/wp-json\/wp\/v2\/media?parent=242"}],"curies":[{"name":"wp","href":"https:\/\/api.w.org\/{rel}","templated":true}]}}