{"id":15,"date":"2020-05-07T15:50:22","date_gmt":"2020-05-07T15:50:22","guid":{"rendered":"https:\/\/mmkt.dev\/qsertic\/?page_id=15"},"modified":"2020-05-11T15:45:37","modified_gmt":"2020-05-11T15:45:37","slug":"empresa","status":"publish","type":"page","link":"https:\/\/qsertic.com\/es\/qsertic\/empresa\/","title":{"rendered":"Empresa"},"content":{"rendered":"<div class=\"wpb-content-wrapper\">[vc_row][vc_column]<h2 class=\"vcex-heading vcex-heading-plain vcex-module wpex-heading wpex-text-2xl\"><span class=\"vcex-heading-inner wpex-inline-block\">20 a\u00f1os de experiencia en el sector de las tecnolog\u00edas de la informaci\u00f3n<\/span><\/h2>[\/vc_column][\/vc_row][vc_row content_placement=\u00bbmiddle\u00bb equal_height=\u00bbyes\u00bb][vc_column width=\u00bb1\/2&#8243;][vc_single_image image=\u00bb125&#8243;][\/vc_column][vc_column width=\u00bb1\/2&#8243;][vc_column_text]<strong>QSERTIC<\/strong>\u00a0es una empresa relativamente j\u00f3ven, cuyos profesionales acumulan m\u00e1s de veinte a\u00f1os de experiencia en el\u00a0<strong>sector de las tecnolog\u00edas de la informaci\u00f3n<\/strong>.<\/p>\n<p>El conocimiento del mundo de la empresa y su problem\u00e1tica, que a lo largo de \u00e9ste tiempo hemos adquirido es nuestro<strong>\u00a0principal activo<\/strong>.<\/p>\n<p>Nuestro objetivo es trasladar el m\u00e1ximo de este conocimiento a nuestros clientes para que, a trav\u00e9s del mismo y de las mejores practicas del negocio, puedan conseguir los<strong>\u00a0mejores resultados para sus organizaciones<\/strong>.<\/p>\n<p>La involucraci\u00f3n de nuestras personas con el proyecto del cliente es la clave del \u00e9xito que gu\u00eda todos y cada uno de nuestras actuaciones. Al final, todo este esfuerzo se ve recompensado por<strong>\u00a0la confianza que los clientes<\/strong>\u00a0depositan en nuestra empresa.[\/vc_column_text][\/vc_column][\/vc_row]\n<\/div>","protected":false},"excerpt":{"rendered":"<p>[vc_row][vc_column][\/vc_column][\/vc_row][vc_row content_placement=\u00bbmiddle\u00bb equal_height=\u00bbyes\u00bb][vc_column width=\u00bb1\/2&#8243;][vc_single_image image=\u00bb125&#8243;][\/vc_column][vc_column width=\u00bb1\/2&#8243;][vc_column_text]QSERTIC\u00a0es una empresa relativamente j\u00f3ven, cuyos profesionales acumulan m\u00e1s de veinte a\u00f1os de experiencia en el\u00a0sector de las tecnolog\u00edas de la informaci\u00f3n. El conocimiento del mundo de la empresa y su problem\u00e1tica, que a lo largo de \u00e9ste tiempo hemos adquirido es nuestro\u00a0principal activo. Nuestro objetivo es trasladar el m\u00e1ximo&hellip;<\/p>\n","protected":false},"author":1,"featured_media":0,"parent":21,"menu_order":0,"comment_status":"closed","ping_status":"closed","template":"","meta":{"footnotes":""},"class_list":["post-15","page","type-page","status-publish","hentry","entry","no-media"],"yoast_head":"<!-- This site is optimized with the Yoast SEO plugin v26.0 - https:\/\/yoast.com\/wordpress\/plugins\/seo\/ -->\n<title>Empresa - Qsertic<\/title>\n<meta name=\"robots\" content=\"index, follow, max-snippet:-1, max-image-preview:large, max-video-preview:-1\" \/>\n<link rel=\"canonical\" href=\"https:\/\/qsertic.com\/es\/qsertic\/empresa\/\" \/>\n<meta property=\"og:locale\" content=\"es_ES\" \/>\n<meta property=\"og:type\" content=\"article\" \/>\n<meta property=\"og:title\" content=\"Empresa - Qsertic\" \/>\n<meta property=\"og:description\" content=\"[vc_row][vc_column][\/vc_column][\/vc_row][vc_row content_placement=\u00bbmiddle\u00bb equal_height=\u00bbyes\u00bb][vc_column width=\u00bb1\/2&#8243;][vc_single_image image=\u00bb125&#8243;][\/vc_column][vc_column width=\u00bb1\/2&#8243;][vc_column_text]QSERTIC\u00a0es una empresa relativamente j\u00f3ven, cuyos profesionales acumulan m\u00e1s de veinte a\u00f1os de experiencia en el\u00a0sector de las tecnolog\u00edas de la informaci\u00f3n. El conocimiento del mundo de la empresa y su problem\u00e1tica, que a lo largo de \u00e9ste tiempo hemos adquirido es nuestro\u00a0principal activo. Nuestro objetivo es trasladar el m\u00e1ximo&hellip;\" \/>\n<meta property=\"og:url\" content=\"https:\/\/qsertic.com\/es\/qsertic\/empresa\/\" \/>\n<meta property=\"og:site_name\" content=\"Qsertic\" \/>\n<meta property=\"article:modified_time\" content=\"2020-05-11T15:45:37+00:00\" \/>\n<meta name=\"twitter:card\" content=\"summary_large_image\" \/>\n<meta name=\"twitter:label1\" content=\"Tiempo de lectura\" \/>\n\t<meta name=\"twitter:data1\" content=\"1 minuto\" \/>\n<script type=\"application\/ld+json\" class=\"yoast-schema-graph\">{\"@context\":\"https:\/\/schema.org\",\"@graph\":[{\"@type\":\"WebPage\",\"@id\":\"https:\/\/qsertic.com\/es\/qsertic\/empresa\/\",\"url\":\"https:\/\/qsertic.com\/es\/qsertic\/empresa\/\",\"name\":\"Empresa - Qsertic\",\"isPartOf\":{\"@id\":\"https:\/\/qsertic.com\/es\/#website\"},\"datePublished\":\"2020-05-07T15:50:22+00:00\",\"dateModified\":\"2020-05-11T15:45:37+00:00\",\"breadcrumb\":{\"@id\":\"https:\/\/qsertic.com\/es\/qsertic\/empresa\/#breadcrumb\"},\"inLanguage\":\"es\",\"potentialAction\":[{\"@type\":\"ReadAction\",\"target\":[\"https:\/\/qsertic.com\/es\/qsertic\/empresa\/\"]}]},{\"@type\":\"BreadcrumbList\",\"@id\":\"https:\/\/qsertic.com\/es\/qsertic\/empresa\/#breadcrumb\",\"itemListElement\":[{\"@type\":\"ListItem\",\"position\":1,\"name\":\"Portada\",\"item\":\"https:\/\/qsertic.com\/es\/\"},{\"@type\":\"ListItem\",\"position\":2,\"name\":\"Qsertic\",\"item\":\"https:\/\/qsertic.com\/es\/qsertic\/\"},{\"@type\":\"ListItem\",\"position\":3,\"name\":\"Empresa\"}]},{\"@type\":\"WebSite\",\"@id\":\"https:\/\/qsertic.com\/es\/#website\",\"url\":\"https:\/\/qsertic.com\/es\/\",\"name\":\"Qsertic\",\"description\":\"Tu socio tecnol\u00f3gico\",\"publisher\":{\"@id\":\"https:\/\/qsertic.com\/es\/#organization\"},\"potentialAction\":[{\"@type\":\"SearchAction\",\"target\":{\"@type\":\"EntryPoint\",\"urlTemplate\":\"https:\/\/qsertic.com\/es\/?s={search_term_string}\"},\"query-input\":{\"@type\":\"PropertyValueSpecification\",\"valueRequired\":true,\"valueName\":\"search_term_string\"}}],\"inLanguage\":\"es\"},{\"@type\":\"Organization\",\"@id\":\"https:\/\/qsertic.com\/es\/#organization\",\"name\":\"Qsertic\",\"url\":\"https:\/\/qsertic.com\/es\/\",\"logo\":{\"@type\":\"ImageObject\",\"inLanguage\":\"es\",\"@id\":\"https:\/\/qsertic.com\/es\/#\/schema\/logo\/image\/\",\"url\":\"https:\/\/qsertic.com\/wp-content\/uploads\/2020\/05\/logo.png\",\"contentUrl\":\"https:\/\/qsertic.com\/wp-content\/uploads\/2020\/05\/logo.png\",\"width\":275,\"height\":109,\"caption\":\"Qsertic\"},\"image\":{\"@id\":\"https:\/\/qsertic.com\/es\/#\/schema\/logo\/image\/\"}}]}<\/script>\n<!-- \/ Yoast SEO plugin. -->","yoast_head_json":{"title":"Empresa - Qsertic","robots":{"index":"index","follow":"follow","max-snippet":"max-snippet:-1","max-image-preview":"max-image-preview:large","max-video-preview":"max-video-preview:-1"},"canonical":"https:\/\/qsertic.com\/es\/qsertic\/empresa\/","og_locale":"es_ES","og_type":"article","og_title":"Empresa - Qsertic","og_description":"[vc_row][vc_column][\/vc_column][\/vc_row][vc_row content_placement=\u00bbmiddle\u00bb equal_height=\u00bbyes\u00bb][vc_column width=\u00bb1\/2&#8243;][vc_single_image image=\u00bb125&#8243;][\/vc_column][vc_column width=\u00bb1\/2&#8243;][vc_column_text]QSERTIC\u00a0es una empresa relativamente j\u00f3ven, cuyos profesionales acumulan m\u00e1s de veinte a\u00f1os de experiencia en el\u00a0sector de las tecnolog\u00edas de la informaci\u00f3n. El conocimiento del mundo de la empresa y su problem\u00e1tica, que a lo largo de \u00e9ste tiempo hemos adquirido es nuestro\u00a0principal activo. Nuestro objetivo es trasladar el m\u00e1ximo&hellip;","og_url":"https:\/\/qsertic.com\/es\/qsertic\/empresa\/","og_site_name":"Qsertic","article_modified_time":"2020-05-11T15:45:37+00:00","twitter_card":"summary_large_image","twitter_misc":{"Tiempo de lectura":"1 minuto"},"schema":{"@context":"https:\/\/schema.org","@graph":[{"@type":"WebPage","@id":"https:\/\/qsertic.com\/es\/qsertic\/empresa\/","url":"https:\/\/qsertic.com\/es\/qsertic\/empresa\/","name":"Empresa - Qsertic","isPartOf":{"@id":"https:\/\/qsertic.com\/es\/#website"},"datePublished":"2020-05-07T15:50:22+00:00","dateModified":"2020-05-11T15:45:37+00:00","breadcrumb":{"@id":"https:\/\/qsertic.com\/es\/qsertic\/empresa\/#breadcrumb"},"inLanguage":"es","potentialAction":[{"@type":"ReadAction","target":["https:\/\/qsertic.com\/es\/qsertic\/empresa\/"]}]},{"@type":"BreadcrumbList","@id":"https:\/\/qsertic.com\/es\/qsertic\/empresa\/#breadcrumb","itemListElement":[{"@type":"ListItem","position":1,"name":"Portada","item":"https:\/\/qsertic.com\/es\/"},{"@type":"ListItem","position":2,"name":"Qsertic","item":"https:\/\/qsertic.com\/es\/qsertic\/"},{"@type":"ListItem","position":3,"name":"Empresa"}]},{"@type":"WebSite","@id":"https:\/\/qsertic.com\/es\/#website","url":"https:\/\/qsertic.com\/es\/","name":"Qsertic","description":"Tu socio tecnol\u00f3gico","publisher":{"@id":"https:\/\/qsertic.com\/es\/#organization"},"potentialAction":[{"@type":"SearchAction","target":{"@type":"EntryPoint","urlTemplate":"https:\/\/qsertic.com\/es\/?s={search_term_string}"},"query-input":{"@type":"PropertyValueSpecification","valueRequired":true,"valueName":"search_term_string"}}],"inLanguage":"es"},{"@type":"Organization","@id":"https:\/\/qsertic.com\/es\/#organization","name":"Qsertic","url":"https:\/\/qsertic.com\/es\/","logo":{"@type":"ImageObject","inLanguage":"es","@id":"https:\/\/qsertic.com\/es\/#\/schema\/logo\/image\/","url":"https:\/\/qsertic.com\/wp-content\/uploads\/2020\/05\/logo.png","contentUrl":"https:\/\/qsertic.com\/wp-content\/uploads\/2020\/05\/logo.png","width":275,"height":109,"caption":"Qsertic"},"image":{"@id":"https:\/\/qsertic.com\/es\/#\/schema\/logo\/image\/"}}]}},"_links":{"self":[{"href":"https:\/\/qsertic.com\/es\/wp-json\/wp\/v2\/pages\/15","targetHints":{"allow":["GET"]}}],"collection":[{"href":"https:\/\/qsertic.com\/es\/wp-json\/wp\/v2\/pages"}],"about":[{"href":"https:\/\/qsertic.com\/es\/wp-json\/wp\/v2\/types\/page"}],"author":[{"embeddable":true,"href":"https:\/\/qsertic.com\/es\/wp-json\/wp\/v2\/users\/1"}],"replies":[{"embeddable":true,"href":"https:\/\/qsertic.com\/es\/wp-json\/wp\/v2\/comments?post=15"}],"version-history":[{"count":7,"href":"https:\/\/qsertic.com\/es\/wp-json\/wp\/v2\/pages\/15\/revisions"}],"predecessor-version":[{"id":132,"href":"https:\/\/qsertic.com\/es\/wp-json\/wp\/v2\/pages\/15\/revisions\/132"}],"up":[{"embeddable":true,"href":"https:\/\/qsertic.com\/es\/wp-json\/wp\/v2\/pages\/21"}],"wp:attachment":[{"href":"https:\/\/qsertic.com\/es\/wp-json\/wp\/v2\/media?parent=15"}],"curies":[{"name":"wp","href":"https:\/\/api.w.org\/{rel}","templated":true}]}}