{"id":17,"date":"2020-05-07T15:50:37","date_gmt":"2020-05-07T15:50:37","guid":{"rendered":"https:\/\/mmkt.dev\/qsertic\/?page_id=17"},"modified":"2020-05-11T15:50:02","modified_gmt":"2020-05-11T15:50:02","slug":"valores","status":"publish","type":"page","link":"https:\/\/qsertic.com\/es\/qsertic\/valores\/","title":{"rendered":"Valores"},"content":{"rendered":"<div class=\"wpb-content-wrapper\">[vc_row][vc_column width=\u00bb1\/2&#8243;][vc_single_image image=\u00bb134&#8243;][\/vc_column][vc_column width=\u00bb1\/2&#8243;][vc_column_text]\n<div class=\"one-two last\">\n<p><span class=\"drop1\">1<\/span><strong><span class=\"h4\">MISI\u00d3N<\/span><\/strong><br \/>\nAyudar y acompa\u00f1ar a las empresas para que rentabilicen los recursos informaticos que utilizan, de manera que puedan aprovechar las oportunidades que les plantea un mercado cada vez m\u00e1s competitivo.<\/p>\n<p><span class=\"drop1\">2<\/span><strong><span class=\"h4\">VISI\u00d3N<\/span><\/strong><br \/>\nSer el consultor de cabecera de nuestros clientes. Referente en calidad de servicios TI para las empresas.<\/p>\n<p><span class=\"drop1\">3<\/span><strong><span class=\"h4\">CALIDAD<\/span><\/strong><br \/>\nEs el centro de todas nuestras acciones. La \u00fanica estrategia que garantizar\u00e1 a largo plazo, la supervivencia, el crecimiento y la rentabilidad de una organizaci\u00f3n.<\/p>\n<p><span class=\"drop1\">4<\/span><strong><span class=\"h4\">SERVICIO<\/span><\/strong><br \/>\nEs una actitud, es nuestra actitud. Pensando de esta forma es mucho m\u00e1s sencillo conocer el funcionamiento de las organizaciones para facilitarle soluciones.<\/p>\n<p><span class=\"drop1\">5<\/span><strong><span class=\"h4\">\u00c9TICA<\/span><\/strong><br \/>\nLos principios sobre los que se basan nuestras actuaciones, son los mismos que debieran guiar a nuestra sociedad: honestidad, respeto, responsabilidad y b\u00fasqueda del bien social com\u00fan.<\/p>\n<\/div>\n[\/vc_column_text][\/vc_column][\/vc_row]\n<\/div>","protected":false},"excerpt":{"rendered":"<p>[vc_row][vc_column width=\u00bb1\/2&#8243;][vc_single_image image=\u00bb134&#8243;][\/vc_column][vc_column width=\u00bb1\/2&#8243;][vc_column_text] 1MISI\u00d3N Ayudar y acompa\u00f1ar a las empresas para que rentabilicen los recursos informaticos que utilizan, de manera que puedan aprovechar las oportunidades que les plantea un mercado cada vez m\u00e1s competitivo. 2VISI\u00d3N Ser el consultor de cabecera de nuestros clientes. Referente en calidad de servicios TI para las empresas. 3CALIDAD Es&hellip;<\/p>\n","protected":false},"author":1,"featured_media":0,"parent":21,"menu_order":0,"comment_status":"closed","ping_status":"closed","template":"","meta":{"footnotes":""},"class_list":["post-17","page","type-page","status-publish","hentry","entry","no-media"],"yoast_head":"<!-- This site is optimized with the Yoast SEO plugin v26.0 - https:\/\/yoast.com\/wordpress\/plugins\/seo\/ -->\n<title>Valores - Qsertic<\/title>\n<meta name=\"robots\" content=\"index, follow, max-snippet:-1, max-image-preview:large, max-video-preview:-1\" \/>\n<link rel=\"canonical\" href=\"https:\/\/qsertic.com\/es\/qsertic\/valores\/\" \/>\n<meta property=\"og:locale\" content=\"es_ES\" \/>\n<meta property=\"og:type\" content=\"article\" \/>\n<meta property=\"og:title\" content=\"Valores - Qsertic\" \/>\n<meta property=\"og:description\" content=\"[vc_row][vc_column width=\u00bb1\/2&#8243;][vc_single_image image=\u00bb134&#8243;][\/vc_column][vc_column width=\u00bb1\/2&#8243;][vc_column_text] 1MISI\u00d3N Ayudar y acompa\u00f1ar a las empresas para que rentabilicen los recursos informaticos que utilizan, de manera que puedan aprovechar las oportunidades que les plantea un mercado cada vez m\u00e1s competitivo. 2VISI\u00d3N Ser el consultor de cabecera de nuestros clientes. Referente en calidad de servicios TI para las empresas. 3CALIDAD Es&hellip;\" \/>\n<meta property=\"og:url\" content=\"https:\/\/qsertic.com\/es\/qsertic\/valores\/\" \/>\n<meta property=\"og:site_name\" content=\"Qsertic\" \/>\n<meta property=\"article:modified_time\" content=\"2020-05-11T15:50:02+00:00\" \/>\n<meta name=\"twitter:card\" content=\"summary_large_image\" \/>\n<meta name=\"twitter:label1\" content=\"Tiempo de lectura\" \/>\n\t<meta name=\"twitter:data1\" content=\"1 minuto\" \/>\n<script type=\"application\/ld+json\" class=\"yoast-schema-graph\">{\"@context\":\"https:\/\/schema.org\",\"@graph\":[{\"@type\":\"WebPage\",\"@id\":\"https:\/\/qsertic.com\/es\/qsertic\/valores\/\",\"url\":\"https:\/\/qsertic.com\/es\/qsertic\/valores\/\",\"name\":\"Valores - Qsertic\",\"isPartOf\":{\"@id\":\"https:\/\/qsertic.com\/es\/#website\"},\"datePublished\":\"2020-05-07T15:50:37+00:00\",\"dateModified\":\"2020-05-11T15:50:02+00:00\",\"breadcrumb\":{\"@id\":\"https:\/\/qsertic.com\/es\/qsertic\/valores\/#breadcrumb\"},\"inLanguage\":\"es\",\"potentialAction\":[{\"@type\":\"ReadAction\",\"target\":[\"https:\/\/qsertic.com\/es\/qsertic\/valores\/\"]}]},{\"@type\":\"BreadcrumbList\",\"@id\":\"https:\/\/qsertic.com\/es\/qsertic\/valores\/#breadcrumb\",\"itemListElement\":[{\"@type\":\"ListItem\",\"position\":1,\"name\":\"Portada\",\"item\":\"https:\/\/qsertic.com\/es\/\"},{\"@type\":\"ListItem\",\"position\":2,\"name\":\"Qsertic\",\"item\":\"https:\/\/qsertic.com\/es\/qsertic\/\"},{\"@type\":\"ListItem\",\"position\":3,\"name\":\"Valores\"}]},{\"@type\":\"WebSite\",\"@id\":\"https:\/\/qsertic.com\/es\/#website\",\"url\":\"https:\/\/qsertic.com\/es\/\",\"name\":\"Qsertic\",\"description\":\"Tu socio tecnol\u00f3gico\",\"publisher\":{\"@id\":\"https:\/\/qsertic.com\/es\/#organization\"},\"potentialAction\":[{\"@type\":\"SearchAction\",\"target\":{\"@type\":\"EntryPoint\",\"urlTemplate\":\"https:\/\/qsertic.com\/es\/?s={search_term_string}\"},\"query-input\":{\"@type\":\"PropertyValueSpecification\",\"valueRequired\":true,\"valueName\":\"search_term_string\"}}],\"inLanguage\":\"es\"},{\"@type\":\"Organization\",\"@id\":\"https:\/\/qsertic.com\/es\/#organization\",\"name\":\"Qsertic\",\"url\":\"https:\/\/qsertic.com\/es\/\",\"logo\":{\"@type\":\"ImageObject\",\"inLanguage\":\"es\",\"@id\":\"https:\/\/qsertic.com\/es\/#\/schema\/logo\/image\/\",\"url\":\"https:\/\/qsertic.com\/wp-content\/uploads\/2020\/05\/logo.png\",\"contentUrl\":\"https:\/\/qsertic.com\/wp-content\/uploads\/2020\/05\/logo.png\",\"width\":275,\"height\":109,\"caption\":\"Qsertic\"},\"image\":{\"@id\":\"https:\/\/qsertic.com\/es\/#\/schema\/logo\/image\/\"}}]}<\/script>\n<!-- \/ Yoast SEO plugin. -->","yoast_head_json":{"title":"Valores - Qsertic","robots":{"index":"index","follow":"follow","max-snippet":"max-snippet:-1","max-image-preview":"max-image-preview:large","max-video-preview":"max-video-preview:-1"},"canonical":"https:\/\/qsertic.com\/es\/qsertic\/valores\/","og_locale":"es_ES","og_type":"article","og_title":"Valores - Qsertic","og_description":"[vc_row][vc_column width=\u00bb1\/2&#8243;][vc_single_image image=\u00bb134&#8243;][\/vc_column][vc_column width=\u00bb1\/2&#8243;][vc_column_text] 1MISI\u00d3N Ayudar y acompa\u00f1ar a las empresas para que rentabilicen los recursos informaticos que utilizan, de manera que puedan aprovechar las oportunidades que les plantea un mercado cada vez m\u00e1s competitivo. 2VISI\u00d3N Ser el consultor de cabecera de nuestros clientes. Referente en calidad de servicios TI para las empresas. 3CALIDAD Es&hellip;","og_url":"https:\/\/qsertic.com\/es\/qsertic\/valores\/","og_site_name":"Qsertic","article_modified_time":"2020-05-11T15:50:02+00:00","twitter_card":"summary_large_image","twitter_misc":{"Tiempo de lectura":"1 minuto"},"schema":{"@context":"https:\/\/schema.org","@graph":[{"@type":"WebPage","@id":"https:\/\/qsertic.com\/es\/qsertic\/valores\/","url":"https:\/\/qsertic.com\/es\/qsertic\/valores\/","name":"Valores - Qsertic","isPartOf":{"@id":"https:\/\/qsertic.com\/es\/#website"},"datePublished":"2020-05-07T15:50:37+00:00","dateModified":"2020-05-11T15:50:02+00:00","breadcrumb":{"@id":"https:\/\/qsertic.com\/es\/qsertic\/valores\/#breadcrumb"},"inLanguage":"es","potentialAction":[{"@type":"ReadAction","target":["https:\/\/qsertic.com\/es\/qsertic\/valores\/"]}]},{"@type":"BreadcrumbList","@id":"https:\/\/qsertic.com\/es\/qsertic\/valores\/#breadcrumb","itemListElement":[{"@type":"ListItem","position":1,"name":"Portada","item":"https:\/\/qsertic.com\/es\/"},{"@type":"ListItem","position":2,"name":"Qsertic","item":"https:\/\/qsertic.com\/es\/qsertic\/"},{"@type":"ListItem","position":3,"name":"Valores"}]},{"@type":"WebSite","@id":"https:\/\/qsertic.com\/es\/#website","url":"https:\/\/qsertic.com\/es\/","name":"Qsertic","description":"Tu socio tecnol\u00f3gico","publisher":{"@id":"https:\/\/qsertic.com\/es\/#organization"},"potentialAction":[{"@type":"SearchAction","target":{"@type":"EntryPoint","urlTemplate":"https:\/\/qsertic.com\/es\/?s={search_term_string}"},"query-input":{"@type":"PropertyValueSpecification","valueRequired":true,"valueName":"search_term_string"}}],"inLanguage":"es"},{"@type":"Organization","@id":"https:\/\/qsertic.com\/es\/#organization","name":"Qsertic","url":"https:\/\/qsertic.com\/es\/","logo":{"@type":"ImageObject","inLanguage":"es","@id":"https:\/\/qsertic.com\/es\/#\/schema\/logo\/image\/","url":"https:\/\/qsertic.com\/wp-content\/uploads\/2020\/05\/logo.png","contentUrl":"https:\/\/qsertic.com\/wp-content\/uploads\/2020\/05\/logo.png","width":275,"height":109,"caption":"Qsertic"},"image":{"@id":"https:\/\/qsertic.com\/es\/#\/schema\/logo\/image\/"}}]}},"_links":{"self":[{"href":"https:\/\/qsertic.com\/es\/wp-json\/wp\/v2\/pages\/17","targetHints":{"allow":["GET"]}}],"collection":[{"href":"https:\/\/qsertic.com\/es\/wp-json\/wp\/v2\/pages"}],"about":[{"href":"https:\/\/qsertic.com\/es\/wp-json\/wp\/v2\/types\/page"}],"author":[{"embeddable":true,"href":"https:\/\/qsertic.com\/es\/wp-json\/wp\/v2\/users\/1"}],"replies":[{"embeddable":true,"href":"https:\/\/qsertic.com\/es\/wp-json\/wp\/v2\/comments?post=17"}],"version-history":[{"count":4,"href":"https:\/\/qsertic.com\/es\/wp-json\/wp\/v2\/pages\/17\/revisions"}],"predecessor-version":[{"id":137,"href":"https:\/\/qsertic.com\/es\/wp-json\/wp\/v2\/pages\/17\/revisions\/137"}],"up":[{"embeddable":true,"href":"https:\/\/qsertic.com\/es\/wp-json\/wp\/v2\/pages\/21"}],"wp:attachment":[{"href":"https:\/\/qsertic.com\/es\/wp-json\/wp\/v2\/media?parent=17"}],"curies":[{"name":"wp","href":"https:\/\/api.w.org\/{rel}","templated":true}]}}