{"id":23,"date":"2020-05-07T15:51:27","date_gmt":"2020-05-07T15:51:27","guid":{"rendered":"https:\/\/mmkt.dev\/qsertic\/?page_id=23"},"modified":"2020-05-21T09:52:39","modified_gmt":"2020-05-21T09:52:39","slug":"consultoria-en-tecnologias-de-la-informacion","status":"publish","type":"page","link":"https:\/\/qsertic.com\/es\/servicios\/consultoria-en-tecnologias-de-la-informacion\/","title":{"rendered":"Consultor\u00eda en Tecnolog\u00edas de la Informaci\u00f3n"},"content":{"rendered":"<div class=\"wpb-content-wrapper\">[vc_row el_class=\u00bbfull-width-img\u00bb][vc_column][vc_single_image image=\u00bb138&#8243;][\/vc_column][\/vc_row][vc_row equal_height=\u00bbyes\u00bb el_class=\u00bbservicios\u00bb][vc_column width=\u00bb1\/2&#8243;][vc_column_text]<span class=\"drop1\">1<\/span><span class=\"h4\">Project Management.<\/span><br \/>\nLa gestion de un proyecto, y m\u00e1s concretamente de TI, es una tarea que entra\u00f1a cierta complejidad. Es muy importante tanto el dominio de los aspectos t\u00e9cnicos como de la gesti\u00f3n de los recursos relacionados (usuarios internos, personal t\u00e9cnico, proveedores de servicios, etc). Los profesionales de QSERTIC llevan muchos a\u00f1os gestionando proyectos complejos y aplicando las mejores pr\u00e1cticas del mercado.[\/vc_column_text][\/vc_column][vc_column width=\u00bb1\/2&#8243;][vc_column_text]\n<p><span class=\"drop1\">2<\/span><span class=\"h4\">Selecci\u00f3n e Implantaci\u00f3n de ERP.<\/span><br \/>\nEl concepto de ERP (Enterprise Resource Planning) es valido para todas las empresas. Son sistemas que manejan e integran la informaci\u00f3n y los recursos de todas las \u00e1reas de una compa\u00f1\u00eda. Pero no para todas es apropiado un gran ERP (SAP, ORACLE, etc.). Otros de tama\u00f1o y complejidad m\u00e1s reducida dan un resultado \u00f3ptimo para empresas medianas y m\u00e1s peque\u00f1as.<\/p>\n[\/vc_column_text][\/vc_column][\/vc_row][vc_row equal_height=\u00bbyes\u00bb el_class=\u00bbservicios\u00bb][vc_column width=\u00bb1\/2&#8243;][vc_column_text]<span class=\"drop1\">3<\/span><span class=\"h4\">Servicios inform\u00e1ticos personalizados.<br \/>\n<\/span>Los servicios que ofrecemos son siempre utilizando tecnolog\u00edas y soluciones globales pero personalizadas al entorno y necesidades de cada cliente.<br \/>\nSe tiene en cuenta no solo el mercado, sector y caracter\u00edsticas del cliente en cuesti\u00f3n sino tambien el conjunto del grupo humano que constituye las diferentes \u00e1reas de la compa\u00f1\u00eda.[\/vc_column_text][\/vc_column][vc_column width=\u00bb1\/2&#8243;][vc_column_text]\n<p><span class=\"drop1\">4<\/span><span class=\"h4\">Consultor\u00eda de soluciones WEB.<\/span><br \/>\nPara una empresa hoy en d\u00eda, es importantisimo tener presencia en Internet, y m\u00e1s a\u00fan tener una presencia de calidad. Todas las empresas debieran utilizar este medio, no solo para darse a conocer a sus clientes (potenciales y actuales) sino como una forma de fidelizarlos y conocer mejor sus necesidades. De esta forma les puedes hacer llegar el mensaje de tus productos, adaptado a las exigencias de cada uno de ellos. En QSERTIC nos ocupamos de realizar todo este trabajo para que tu empresa no se quede atr\u00e1s.<\/p>\n[\/vc_column_text][\/vc_column][\/vc_row][vc_row equal_height=\u00bbyes\u00bb el_class=\u00bbservicios\u00bb][vc_column][vc_column_text]\n<p><span class=\"drop1\">5<\/span><span class=\"h4\">Gestion de proveedores Inform\u00e1ticos.<\/span><br \/>\nEn QSERTIC tenemos una amplia experiencia en la gesti\u00f3n de los proveedores de tecnolog\u00eda que debe tratar una empresa. Es un tema que ocupa bastante tiempo si no tienes la habilidad para tratar con ellos.<br \/>\nEn su empresa debe centrarse de aquellos aspectos fundamentales para su negocio, y dejar que nosotros le solucionemos con sus proveedores de tecnolog\u00eda tanto el d\u00eda a d\u00eda de la gesti\u00f3n, como las alternativas estrat\u00e9gicas a adoptar respecto al futuro.<br \/>\nNosotros le plantearemos diferentes alterntivas proponiendole la que consideramos mejor, tanto desde el punto de vista de continuidad y escalabilidad, sin olvidar el componente de coste. Tendr\u00e1 toda la informaci\u00f3n para tomar la mejor decisi\u00f3n para su negocio.<\/p>\n[\/vc_column_text][\/vc_column][\/vc_row]\n<\/div>","protected":false},"excerpt":{"rendered":"<p>[vc_row el_class=\u00bbfull-width-img\u00bb][vc_column][vc_single_image image=\u00bb138&#8243;][\/vc_column][\/vc_row][vc_row equal_height=\u00bbyes\u00bb el_class=\u00bbservicios\u00bb][vc_column width=\u00bb1\/2&#8243;][vc_column_text]1Project Management. La gestion de un proyecto, y m\u00e1s concretamente de TI, es una tarea que entra\u00f1a cierta complejidad. Es muy importante tanto el dominio de los aspectos t\u00e9cnicos como de la gesti\u00f3n de los recursos relacionados (usuarios internos, personal t\u00e9cnico, proveedores de servicios, etc). Los profesionales de QSERTIC llevan&hellip;<\/p>\n","protected":false},"author":1,"featured_media":0,"parent":19,"menu_order":0,"comment_status":"closed","ping_status":"closed","template":"","meta":{"footnotes":""},"class_list":["post-23","page","type-page","status-publish","hentry","entry","no-media"],"yoast_head":"<!-- This site is optimized with the Yoast SEO plugin v26.0 - https:\/\/yoast.com\/wordpress\/plugins\/seo\/ -->\n<title>Consultor\u00eda en Tecnolog\u00edas de la Informaci\u00f3n - Qsertic<\/title>\n<meta name=\"robots\" content=\"index, follow, max-snippet:-1, max-image-preview:large, max-video-preview:-1\" \/>\n<link rel=\"canonical\" href=\"https:\/\/qsertic.com\/es\/servicios\/consultoria-en-tecnologias-de-la-informacion\/\" \/>\n<meta property=\"og:locale\" content=\"es_ES\" \/>\n<meta property=\"og:type\" content=\"article\" \/>\n<meta property=\"og:title\" content=\"Consultor\u00eda en Tecnolog\u00edas de la Informaci\u00f3n - Qsertic\" \/>\n<meta property=\"og:description\" content=\"[vc_row el_class=\u00bbfull-width-img\u00bb][vc_column][vc_single_image image=\u00bb138&#8243;][\/vc_column][\/vc_row][vc_row equal_height=\u00bbyes\u00bb el_class=\u00bbservicios\u00bb][vc_column width=\u00bb1\/2&#8243;][vc_column_text]1Project Management. La gestion de un proyecto, y m\u00e1s concretamente de TI, es una tarea que entra\u00f1a cierta complejidad. Es muy importante tanto el dominio de los aspectos t\u00e9cnicos como de la gesti\u00f3n de los recursos relacionados (usuarios internos, personal t\u00e9cnico, proveedores de servicios, etc). Los profesionales de QSERTIC llevan&hellip;\" \/>\n<meta property=\"og:url\" content=\"https:\/\/qsertic.com\/es\/servicios\/consultoria-en-tecnologias-de-la-informacion\/\" \/>\n<meta property=\"og:site_name\" content=\"Qsertic\" \/>\n<meta property=\"article:modified_time\" content=\"2020-05-21T09:52:39+00:00\" \/>\n<meta name=\"twitter:card\" content=\"summary_large_image\" \/>\n<meta name=\"twitter:label1\" content=\"Tiempo de lectura\" \/>\n\t<meta name=\"twitter:data1\" content=\"3 minutos\" \/>\n<script type=\"application\/ld+json\" class=\"yoast-schema-graph\">{\"@context\":\"https:\/\/schema.org\",\"@graph\":[{\"@type\":\"WebPage\",\"@id\":\"https:\/\/qsertic.com\/es\/servicios\/consultoria-en-tecnologias-de-la-informacion\/\",\"url\":\"https:\/\/qsertic.com\/es\/servicios\/consultoria-en-tecnologias-de-la-informacion\/\",\"name\":\"Consultor\u00eda en Tecnolog\u00edas de la Informaci\u00f3n - Qsertic\",\"isPartOf\":{\"@id\":\"https:\/\/qsertic.com\/es\/#website\"},\"datePublished\":\"2020-05-07T15:51:27+00:00\",\"dateModified\":\"2020-05-21T09:52:39+00:00\",\"breadcrumb\":{\"@id\":\"https:\/\/qsertic.com\/es\/servicios\/consultoria-en-tecnologias-de-la-informacion\/#breadcrumb\"},\"inLanguage\":\"es\",\"potentialAction\":[{\"@type\":\"ReadAction\",\"target\":[\"https:\/\/qsertic.com\/es\/servicios\/consultoria-en-tecnologias-de-la-informacion\/\"]}]},{\"@type\":\"BreadcrumbList\",\"@id\":\"https:\/\/qsertic.com\/es\/servicios\/consultoria-en-tecnologias-de-la-informacion\/#breadcrumb\",\"itemListElement\":[{\"@type\":\"ListItem\",\"position\":1,\"name\":\"Portada\",\"item\":\"https:\/\/qsertic.com\/es\/\"},{\"@type\":\"ListItem\",\"position\":2,\"name\":\"Servicios\",\"item\":\"https:\/\/qsertic.com\/es\/servicios\/\"},{\"@type\":\"ListItem\",\"position\":3,\"name\":\"Consultor\u00eda en Tecnolog\u00edas de la Informaci\u00f3n\"}]},{\"@type\":\"WebSite\",\"@id\":\"https:\/\/qsertic.com\/es\/#website\",\"url\":\"https:\/\/qsertic.com\/es\/\",\"name\":\"Qsertic\",\"description\":\"Tu socio tecnol\u00f3gico\",\"publisher\":{\"@id\":\"https:\/\/qsertic.com\/es\/#organization\"},\"potentialAction\":[{\"@type\":\"SearchAction\",\"target\":{\"@type\":\"EntryPoint\",\"urlTemplate\":\"https:\/\/qsertic.com\/es\/?s={search_term_string}\"},\"query-input\":{\"@type\":\"PropertyValueSpecification\",\"valueRequired\":true,\"valueName\":\"search_term_string\"}}],\"inLanguage\":\"es\"},{\"@type\":\"Organization\",\"@id\":\"https:\/\/qsertic.com\/es\/#organization\",\"name\":\"Qsertic\",\"url\":\"https:\/\/qsertic.com\/es\/\",\"logo\":{\"@type\":\"ImageObject\",\"inLanguage\":\"es\",\"@id\":\"https:\/\/qsertic.com\/es\/#\/schema\/logo\/image\/\",\"url\":\"https:\/\/qsertic.com\/wp-content\/uploads\/2020\/05\/logo.png\",\"contentUrl\":\"https:\/\/qsertic.com\/wp-content\/uploads\/2020\/05\/logo.png\",\"width\":275,\"height\":109,\"caption\":\"Qsertic\"},\"image\":{\"@id\":\"https:\/\/qsertic.com\/es\/#\/schema\/logo\/image\/\"}}]}<\/script>\n<!-- \/ Yoast SEO plugin. -->","yoast_head_json":{"title":"Consultor\u00eda en Tecnolog\u00edas de la Informaci\u00f3n - Qsertic","robots":{"index":"index","follow":"follow","max-snippet":"max-snippet:-1","max-image-preview":"max-image-preview:large","max-video-preview":"max-video-preview:-1"},"canonical":"https:\/\/qsertic.com\/es\/servicios\/consultoria-en-tecnologias-de-la-informacion\/","og_locale":"es_ES","og_type":"article","og_title":"Consultor\u00eda en Tecnolog\u00edas de la Informaci\u00f3n - Qsertic","og_description":"[vc_row el_class=\u00bbfull-width-img\u00bb][vc_column][vc_single_image image=\u00bb138&#8243;][\/vc_column][\/vc_row][vc_row equal_height=\u00bbyes\u00bb el_class=\u00bbservicios\u00bb][vc_column width=\u00bb1\/2&#8243;][vc_column_text]1Project Management. La gestion de un proyecto, y m\u00e1s concretamente de TI, es una tarea que entra\u00f1a cierta complejidad. Es muy importante tanto el dominio de los aspectos t\u00e9cnicos como de la gesti\u00f3n de los recursos relacionados (usuarios internos, personal t\u00e9cnico, proveedores de servicios, etc). Los profesionales de QSERTIC llevan&hellip;","og_url":"https:\/\/qsertic.com\/es\/servicios\/consultoria-en-tecnologias-de-la-informacion\/","og_site_name":"Qsertic","article_modified_time":"2020-05-21T09:52:39+00:00","twitter_card":"summary_large_image","twitter_misc":{"Tiempo de lectura":"3 minutos"},"schema":{"@context":"https:\/\/schema.org","@graph":[{"@type":"WebPage","@id":"https:\/\/qsertic.com\/es\/servicios\/consultoria-en-tecnologias-de-la-informacion\/","url":"https:\/\/qsertic.com\/es\/servicios\/consultoria-en-tecnologias-de-la-informacion\/","name":"Consultor\u00eda en Tecnolog\u00edas de la Informaci\u00f3n - Qsertic","isPartOf":{"@id":"https:\/\/qsertic.com\/es\/#website"},"datePublished":"2020-05-07T15:51:27+00:00","dateModified":"2020-05-21T09:52:39+00:00","breadcrumb":{"@id":"https:\/\/qsertic.com\/es\/servicios\/consultoria-en-tecnologias-de-la-informacion\/#breadcrumb"},"inLanguage":"es","potentialAction":[{"@type":"ReadAction","target":["https:\/\/qsertic.com\/es\/servicios\/consultoria-en-tecnologias-de-la-informacion\/"]}]},{"@type":"BreadcrumbList","@id":"https:\/\/qsertic.com\/es\/servicios\/consultoria-en-tecnologias-de-la-informacion\/#breadcrumb","itemListElement":[{"@type":"ListItem","position":1,"name":"Portada","item":"https:\/\/qsertic.com\/es\/"},{"@type":"ListItem","position":2,"name":"Servicios","item":"https:\/\/qsertic.com\/es\/servicios\/"},{"@type":"ListItem","position":3,"name":"Consultor\u00eda en Tecnolog\u00edas de la Informaci\u00f3n"}]},{"@type":"WebSite","@id":"https:\/\/qsertic.com\/es\/#website","url":"https:\/\/qsertic.com\/es\/","name":"Qsertic","description":"Tu socio tecnol\u00f3gico","publisher":{"@id":"https:\/\/qsertic.com\/es\/#organization"},"potentialAction":[{"@type":"SearchAction","target":{"@type":"EntryPoint","urlTemplate":"https:\/\/qsertic.com\/es\/?s={search_term_string}"},"query-input":{"@type":"PropertyValueSpecification","valueRequired":true,"valueName":"search_term_string"}}],"inLanguage":"es"},{"@type":"Organization","@id":"https:\/\/qsertic.com\/es\/#organization","name":"Qsertic","url":"https:\/\/qsertic.com\/es\/","logo":{"@type":"ImageObject","inLanguage":"es","@id":"https:\/\/qsertic.com\/es\/#\/schema\/logo\/image\/","url":"https:\/\/qsertic.com\/wp-content\/uploads\/2020\/05\/logo.png","contentUrl":"https:\/\/qsertic.com\/wp-content\/uploads\/2020\/05\/logo.png","width":275,"height":109,"caption":"Qsertic"},"image":{"@id":"https:\/\/qsertic.com\/es\/#\/schema\/logo\/image\/"}}]}},"_links":{"self":[{"href":"https:\/\/qsertic.com\/es\/wp-json\/wp\/v2\/pages\/23","targetHints":{"allow":["GET"]}}],"collection":[{"href":"https:\/\/qsertic.com\/es\/wp-json\/wp\/v2\/pages"}],"about":[{"href":"https:\/\/qsertic.com\/es\/wp-json\/wp\/v2\/types\/page"}],"author":[{"embeddable":true,"href":"https:\/\/qsertic.com\/es\/wp-json\/wp\/v2\/users\/1"}],"replies":[{"embeddable":true,"href":"https:\/\/qsertic.com\/es\/wp-json\/wp\/v2\/comments?post=23"}],"version-history":[{"count":8,"href":"https:\/\/qsertic.com\/es\/wp-json\/wp\/v2\/pages\/23\/revisions"}],"predecessor-version":[{"id":207,"href":"https:\/\/qsertic.com\/es\/wp-json\/wp\/v2\/pages\/23\/revisions\/207"}],"up":[{"embeddable":true,"href":"https:\/\/qsertic.com\/es\/wp-json\/wp\/v2\/pages\/19"}],"wp:attachment":[{"href":"https:\/\/qsertic.com\/es\/wp-json\/wp\/v2\/media?parent=23"}],"curies":[{"name":"wp","href":"https:\/\/api.w.org\/{rel}","templated":true}]}}