{"id":25,"date":"2020-05-07T15:51:45","date_gmt":"2020-05-07T15:51:45","guid":{"rendered":"https:\/\/mmkt.dev\/qsertic\/?page_id=25"},"modified":"2020-06-01T10:33:22","modified_gmt":"2020-06-01T10:33:22","slug":"rgpd-y-seguridad","status":"publish","type":"page","link":"https:\/\/qsertic.com\/es\/servicios\/rgpd-y-seguridad\/","title":{"rendered":"RGPD y Seguridad"},"content":{"rendered":"<div class=\"wpb-content-wrapper\">[vc_row el_class=\u00bbfull-width-img\u00bb][vc_column][vc_single_image image=\u00bb146&#8243;][\/vc_column][\/vc_row][vc_row equal_height=\u00bbyes\u00bb el_class=\u00bbservicios\u00bb][vc_column width=\u00bb1\/2&#8243;][vc_column_text]<span class=\"drop1\">1<\/span><span class=\"h4\">Adecuaci\u00f3n a la LOPD.<\/span><br \/>\nCon nuestros servicios de protecci\u00f3n de datos se adecuar\u00e1n a la ley LOPD y evitar\u00e1n de esta manera posibles multas, del mismo modo que mejorar\u00e1 su imagen al respetar los derechos del consumidor en el tratamiento de sus datos personales. Nuestros trabajos, se realizar\u00e1n de acuerdo a las \u00faltimas novedades de la ley y tambi\u00e9n le ofrecemos nuestros servicios de mantenimiento anual para estar siempre actualizado en el cumplimiento de la misma.[\/vc_column_text][\/vc_column][vc_column width=\u00bb1\/2&#8243;][vc_column_text]<span class=\"drop1\">2<\/span><span class=\"h4\">Peritajes inform\u00e1ticos y Tecnol\u00f3gicos.<\/span><br \/>\nAn\u00e1lisis forenses de los sistemas inform\u00e1ticos, con asistencia a pleitos si procede, siendo perito de parte o por mandamiento judicial. Estudio de sistemas inform\u00e1ticos con herramientas espec\u00edficas para la obtenci\u00f3n de evidencias. Se suele aplicar en la obtenci\u00f3n de pruebas judiciales sobre el uso fraudulento de los sistemas por parte de usuarios malintencionados, preservando la integridad de los medios de prueba.[\/vc_column_text][\/vc_column][\/vc_row][vc_row equal_height=\u00bbyes\u00bb el_class=\u00bbservicios\u00bb][vc_column width=\u00bb1\/2&#8243;][vc_column_text]<span class=\"drop1\">3<\/span><span class=\"h4\">Auditor\u00eda de Software y Hardware.<\/span><br \/>\nLlevar un control del software instalado en su empresa es muy importante y garantiza que pueda minimizar los problemas que siempre surgen por la utilizaci\u00f3n diaria del mismo. Utilizar software original es una garantia para la ausencia de problemas y a medio plazo el coste total operativo para la empresa es menor que si no se utiliza (no hay soporte, incompatibilidad con otros programas, no se actualizan las vulnerabilidades, etc).<br \/>\nIgualmente con el hardware. Es fundamental conocer las caracter\u00edsticas principales de todos los equipos de la compa\u00f1\u00eda y mantenerlos actualizados. Nosotros le ayudamos a implantar un sistema para que pueda tener toda esta informaci\u00f3n actualizada con poco esfuerzo.[\/vc_column_text][\/vc_column][vc_column width=\u00bb1\/2&#8243;][vc_column_text]<span class=\"drop1\">4<\/span><span class=\"h4\">Auditor\u00edas de Seguridad. An\u00e1lisis de vulnerabilidades.<\/span><br \/>\nSe analizan tanto las vulnerabilidades externas (servidores web, ftp, firewalls, etc) como las internas (derivadas de fallos en seguridad de passwords, acceso a zonas restringidas, uso indebido de dispositivos de almacenamiento, etc.). Se proponen acciones correctoras sobre los fallos de seguridad detectados.[\/vc_column_text][\/vc_column][\/vc_row]\n<\/div>","protected":false},"excerpt":{"rendered":"<p>[vc_row el_class=\u00bbfull-width-img\u00bb][vc_column][vc_single_image image=\u00bb146&#8243;][\/vc_column][\/vc_row][vc_row equal_height=\u00bbyes\u00bb el_class=\u00bbservicios\u00bb][vc_column width=\u00bb1\/2&#8243;][vc_column_text]1Adecuaci\u00f3n a la LOPD. Con nuestros servicios de protecci\u00f3n de datos se adecuar\u00e1n a la ley LOPD y evitar\u00e1n de esta manera posibles multas, del mismo modo que mejorar\u00e1 su imagen al respetar los derechos del consumidor en el tratamiento de sus datos personales. Nuestros trabajos, se realizar\u00e1n de acuerdo&hellip;<\/p>\n","protected":false},"author":1,"featured_media":0,"parent":19,"menu_order":0,"comment_status":"closed","ping_status":"closed","template":"","meta":{"footnotes":""},"class_list":["post-25","page","type-page","status-publish","hentry","entry","no-media"],"yoast_head":"<!-- This site is optimized with the Yoast SEO plugin v26.0 - https:\/\/yoast.com\/wordpress\/plugins\/seo\/ -->\n<title>RGPD y Seguridad - Qsertic<\/title>\n<meta name=\"robots\" content=\"index, follow, max-snippet:-1, max-image-preview:large, max-video-preview:-1\" \/>\n<link rel=\"canonical\" href=\"https:\/\/qsertic.com\/es\/servicios\/rgpd-y-seguridad\/\" \/>\n<meta property=\"og:locale\" content=\"es_ES\" \/>\n<meta property=\"og:type\" content=\"article\" \/>\n<meta property=\"og:title\" content=\"RGPD y Seguridad - Qsertic\" \/>\n<meta property=\"og:description\" content=\"[vc_row el_class=\u00bbfull-width-img\u00bb][vc_column][vc_single_image image=\u00bb146&#8243;][\/vc_column][\/vc_row][vc_row equal_height=\u00bbyes\u00bb el_class=\u00bbservicios\u00bb][vc_column width=\u00bb1\/2&#8243;][vc_column_text]1Adecuaci\u00f3n a la LOPD. Con nuestros servicios de protecci\u00f3n de datos se adecuar\u00e1n a la ley LOPD y evitar\u00e1n de esta manera posibles multas, del mismo modo que mejorar\u00e1 su imagen al respetar los derechos del consumidor en el tratamiento de sus datos personales. Nuestros trabajos, se realizar\u00e1n de acuerdo&hellip;\" \/>\n<meta property=\"og:url\" content=\"https:\/\/qsertic.com\/es\/servicios\/rgpd-y-seguridad\/\" \/>\n<meta property=\"og:site_name\" content=\"Qsertic\" \/>\n<meta property=\"article:modified_time\" content=\"2020-06-01T10:33:22+00:00\" \/>\n<meta name=\"twitter:card\" content=\"summary_large_image\" \/>\n<meta name=\"twitter:label1\" content=\"Tiempo de lectura\" \/>\n\t<meta name=\"twitter:data1\" content=\"2 minutos\" \/>\n<script type=\"application\/ld+json\" class=\"yoast-schema-graph\">{\"@context\":\"https:\/\/schema.org\",\"@graph\":[{\"@type\":\"WebPage\",\"@id\":\"https:\/\/qsertic.com\/es\/servicios\/rgpd-y-seguridad\/\",\"url\":\"https:\/\/qsertic.com\/es\/servicios\/rgpd-y-seguridad\/\",\"name\":\"RGPD y Seguridad - Qsertic\",\"isPartOf\":{\"@id\":\"https:\/\/qsertic.com\/es\/#website\"},\"datePublished\":\"2020-05-07T15:51:45+00:00\",\"dateModified\":\"2020-06-01T10:33:22+00:00\",\"breadcrumb\":{\"@id\":\"https:\/\/qsertic.com\/es\/servicios\/rgpd-y-seguridad\/#breadcrumb\"},\"inLanguage\":\"es\",\"potentialAction\":[{\"@type\":\"ReadAction\",\"target\":[\"https:\/\/qsertic.com\/es\/servicios\/rgpd-y-seguridad\/\"]}]},{\"@type\":\"BreadcrumbList\",\"@id\":\"https:\/\/qsertic.com\/es\/servicios\/rgpd-y-seguridad\/#breadcrumb\",\"itemListElement\":[{\"@type\":\"ListItem\",\"position\":1,\"name\":\"Portada\",\"item\":\"https:\/\/qsertic.com\/es\/\"},{\"@type\":\"ListItem\",\"position\":2,\"name\":\"Servicios\",\"item\":\"https:\/\/qsertic.com\/es\/servicios\/\"},{\"@type\":\"ListItem\",\"position\":3,\"name\":\"RGPD y Seguridad\"}]},{\"@type\":\"WebSite\",\"@id\":\"https:\/\/qsertic.com\/es\/#website\",\"url\":\"https:\/\/qsertic.com\/es\/\",\"name\":\"Qsertic\",\"description\":\"Tu socio tecnol\u00f3gico\",\"publisher\":{\"@id\":\"https:\/\/qsertic.com\/es\/#organization\"},\"potentialAction\":[{\"@type\":\"SearchAction\",\"target\":{\"@type\":\"EntryPoint\",\"urlTemplate\":\"https:\/\/qsertic.com\/es\/?s={search_term_string}\"},\"query-input\":{\"@type\":\"PropertyValueSpecification\",\"valueRequired\":true,\"valueName\":\"search_term_string\"}}],\"inLanguage\":\"es\"},{\"@type\":\"Organization\",\"@id\":\"https:\/\/qsertic.com\/es\/#organization\",\"name\":\"Qsertic\",\"url\":\"https:\/\/qsertic.com\/es\/\",\"logo\":{\"@type\":\"ImageObject\",\"inLanguage\":\"es\",\"@id\":\"https:\/\/qsertic.com\/es\/#\/schema\/logo\/image\/\",\"url\":\"https:\/\/qsertic.com\/wp-content\/uploads\/2020\/05\/logo.png\",\"contentUrl\":\"https:\/\/qsertic.com\/wp-content\/uploads\/2020\/05\/logo.png\",\"width\":275,\"height\":109,\"caption\":\"Qsertic\"},\"image\":{\"@id\":\"https:\/\/qsertic.com\/es\/#\/schema\/logo\/image\/\"}}]}<\/script>\n<!-- \/ Yoast SEO plugin. -->","yoast_head_json":{"title":"RGPD y Seguridad - Qsertic","robots":{"index":"index","follow":"follow","max-snippet":"max-snippet:-1","max-image-preview":"max-image-preview:large","max-video-preview":"max-video-preview:-1"},"canonical":"https:\/\/qsertic.com\/es\/servicios\/rgpd-y-seguridad\/","og_locale":"es_ES","og_type":"article","og_title":"RGPD y Seguridad - Qsertic","og_description":"[vc_row el_class=\u00bbfull-width-img\u00bb][vc_column][vc_single_image image=\u00bb146&#8243;][\/vc_column][\/vc_row][vc_row equal_height=\u00bbyes\u00bb el_class=\u00bbservicios\u00bb][vc_column width=\u00bb1\/2&#8243;][vc_column_text]1Adecuaci\u00f3n a la LOPD. Con nuestros servicios de protecci\u00f3n de datos se adecuar\u00e1n a la ley LOPD y evitar\u00e1n de esta manera posibles multas, del mismo modo que mejorar\u00e1 su imagen al respetar los derechos del consumidor en el tratamiento de sus datos personales. Nuestros trabajos, se realizar\u00e1n de acuerdo&hellip;","og_url":"https:\/\/qsertic.com\/es\/servicios\/rgpd-y-seguridad\/","og_site_name":"Qsertic","article_modified_time":"2020-06-01T10:33:22+00:00","twitter_card":"summary_large_image","twitter_misc":{"Tiempo de lectura":"2 minutos"},"schema":{"@context":"https:\/\/schema.org","@graph":[{"@type":"WebPage","@id":"https:\/\/qsertic.com\/es\/servicios\/rgpd-y-seguridad\/","url":"https:\/\/qsertic.com\/es\/servicios\/rgpd-y-seguridad\/","name":"RGPD y Seguridad - Qsertic","isPartOf":{"@id":"https:\/\/qsertic.com\/es\/#website"},"datePublished":"2020-05-07T15:51:45+00:00","dateModified":"2020-06-01T10:33:22+00:00","breadcrumb":{"@id":"https:\/\/qsertic.com\/es\/servicios\/rgpd-y-seguridad\/#breadcrumb"},"inLanguage":"es","potentialAction":[{"@type":"ReadAction","target":["https:\/\/qsertic.com\/es\/servicios\/rgpd-y-seguridad\/"]}]},{"@type":"BreadcrumbList","@id":"https:\/\/qsertic.com\/es\/servicios\/rgpd-y-seguridad\/#breadcrumb","itemListElement":[{"@type":"ListItem","position":1,"name":"Portada","item":"https:\/\/qsertic.com\/es\/"},{"@type":"ListItem","position":2,"name":"Servicios","item":"https:\/\/qsertic.com\/es\/servicios\/"},{"@type":"ListItem","position":3,"name":"RGPD y Seguridad"}]},{"@type":"WebSite","@id":"https:\/\/qsertic.com\/es\/#website","url":"https:\/\/qsertic.com\/es\/","name":"Qsertic","description":"Tu socio tecnol\u00f3gico","publisher":{"@id":"https:\/\/qsertic.com\/es\/#organization"},"potentialAction":[{"@type":"SearchAction","target":{"@type":"EntryPoint","urlTemplate":"https:\/\/qsertic.com\/es\/?s={search_term_string}"},"query-input":{"@type":"PropertyValueSpecification","valueRequired":true,"valueName":"search_term_string"}}],"inLanguage":"es"},{"@type":"Organization","@id":"https:\/\/qsertic.com\/es\/#organization","name":"Qsertic","url":"https:\/\/qsertic.com\/es\/","logo":{"@type":"ImageObject","inLanguage":"es","@id":"https:\/\/qsertic.com\/es\/#\/schema\/logo\/image\/","url":"https:\/\/qsertic.com\/wp-content\/uploads\/2020\/05\/logo.png","contentUrl":"https:\/\/qsertic.com\/wp-content\/uploads\/2020\/05\/logo.png","width":275,"height":109,"caption":"Qsertic"},"image":{"@id":"https:\/\/qsertic.com\/es\/#\/schema\/logo\/image\/"}}]}},"_links":{"self":[{"href":"https:\/\/qsertic.com\/es\/wp-json\/wp\/v2\/pages\/25","targetHints":{"allow":["GET"]}}],"collection":[{"href":"https:\/\/qsertic.com\/es\/wp-json\/wp\/v2\/pages"}],"about":[{"href":"https:\/\/qsertic.com\/es\/wp-json\/wp\/v2\/types\/page"}],"author":[{"embeddable":true,"href":"https:\/\/qsertic.com\/es\/wp-json\/wp\/v2\/users\/1"}],"replies":[{"embeddable":true,"href":"https:\/\/qsertic.com\/es\/wp-json\/wp\/v2\/comments?post=25"}],"version-history":[{"count":6,"href":"https:\/\/qsertic.com\/es\/wp-json\/wp\/v2\/pages\/25\/revisions"}],"predecessor-version":[{"id":334,"href":"https:\/\/qsertic.com\/es\/wp-json\/wp\/v2\/pages\/25\/revisions\/334"}],"up":[{"embeddable":true,"href":"https:\/\/qsertic.com\/es\/wp-json\/wp\/v2\/pages\/19"}],"wp:attachment":[{"href":"https:\/\/qsertic.com\/es\/wp-json\/wp\/v2\/media?parent=25"}],"curies":[{"name":"wp","href":"https:\/\/api.w.org\/{rel}","templated":true}]}}