{"id":29,"date":"2020-05-07T15:52:17","date_gmt":"2020-05-07T15:52:17","guid":{"rendered":"https:\/\/mmkt.dev\/qsertic\/?page_id=29"},"modified":"2020-05-11T16:28:23","modified_gmt":"2020-05-11T16:28:23","slug":"formacion-ti","status":"publish","type":"page","link":"https:\/\/qsertic.com\/es\/servicios\/formacion-ti\/","title":{"rendered":"Formaci\u00f3n TI"},"content":{"rendered":"<div class=\"wpb-content-wrapper\">[vc_row el_class=\u00bbfull-width-img\u00bb][vc_column][vc_single_image image=\u00bb155&#8243;][\/vc_column][\/vc_row][vc_row equal_height=\u00bbyes\u00bb el_class=\u00bbservicios\u00bb][vc_column width=\u00bb1\/2&#8243;][vc_column_text]<span class=\"drop1\">1<\/span><span class=\"h4\">Herramientas tecnol\u00f3gicas.<\/span><\/p>\n<ul>\n<li>Correo electr\u00f3nico. Outlook<\/li>\n<li>Word<\/li>\n<li>Excel<\/li>\n<li>Powerpoint<\/li>\n<li>Access<\/li>\n<li>Posicionar p\u00e1ginas web<\/li>\n<\/ul>\n[\/vc_column_text][\/vc_column][vc_column width=\u00bb1\/2&#8243;][vc_column_text]\n<p><span class=\"drop1\">2<\/span><span class=\"h4\">Gesti\u00f3n eficiente.<\/span><\/p>\n<ul>\n<li>Gesti\u00f3n del tiempo<\/li>\n<li>Presentaciones eficaces<\/li>\n<li>Trabajo en equipo<\/li>\n<\/ul>\n[\/vc_column_text][\/vc_column][\/vc_row][vc_row equal_height=\u00bbyes\u00bb el_class=\u00bbservicios\u00bb][vc_column width=\u00bb1\/2&#8243;][vc_column_text]\n<p><span class=\"drop1\">3<\/span><span class=\"h4\">Optimizaci\u00f3n de procesos.<\/span><\/p>\n<ul>\n<li>Gesti\u00f3n por procesos<\/li>\n<\/ul>\n[\/vc_column_text][\/vc_column][vc_column width=\u00bb1\/2&#8243;][\/vc_column][\/vc_row]\n<\/div>","protected":false},"excerpt":{"rendered":"<p>[vc_row el_class=\u00bbfull-width-img\u00bb][vc_column][vc_single_image image=\u00bb155&#8243;][\/vc_column][\/vc_row][vc_row equal_height=\u00bbyes\u00bb el_class=\u00bbservicios\u00bb][vc_column width=\u00bb1\/2&#8243;][vc_column_text]1Herramientas tecnol\u00f3gicas. Correo electr\u00f3nico. Outlook Word Excel Powerpoint Access Posicionar p\u00e1ginas web [\/vc_column_text][\/vc_column][vc_column width=\u00bb1\/2&#8243;][vc_column_text] 2Gesti\u00f3n eficiente. Gesti\u00f3n del tiempo Presentaciones eficaces Trabajo en equipo [\/vc_column_text][\/vc_column][\/vc_row][vc_row equal_height=\u00bbyes\u00bb el_class=\u00bbservicios\u00bb][vc_column width=\u00bb1\/2&#8243;][vc_column_text] 3Optimizaci\u00f3n de procesos. Gesti\u00f3n por procesos [\/vc_column_text][\/vc_column][vc_column width=\u00bb1\/2&#8243;][\/vc_column][\/vc_row]<\/p>\n","protected":false},"author":1,"featured_media":0,"parent":19,"menu_order":0,"comment_status":"closed","ping_status":"closed","template":"","meta":{"footnotes":""},"class_list":["post-29","page","type-page","status-publish","hentry","entry","no-media"],"yoast_head":"<!-- This site is optimized with the Yoast SEO plugin v26.0 - https:\/\/yoast.com\/wordpress\/plugins\/seo\/ -->\n<title>Formaci\u00f3n TI - Qsertic<\/title>\n<meta name=\"robots\" content=\"index, follow, max-snippet:-1, max-image-preview:large, max-video-preview:-1\" \/>\n<link rel=\"canonical\" href=\"https:\/\/qsertic.com\/es\/servicios\/formacion-ti\/\" \/>\n<meta property=\"og:locale\" content=\"es_ES\" \/>\n<meta property=\"og:type\" content=\"article\" \/>\n<meta property=\"og:title\" content=\"Formaci\u00f3n TI - Qsertic\" \/>\n<meta property=\"og:description\" content=\"[vc_row el_class=\u00bbfull-width-img\u00bb][vc_column][vc_single_image image=\u00bb155&#8243;][\/vc_column][\/vc_row][vc_row equal_height=\u00bbyes\u00bb el_class=\u00bbservicios\u00bb][vc_column width=\u00bb1\/2&#8243;][vc_column_text]1Herramientas tecnol\u00f3gicas. Correo electr\u00f3nico. Outlook Word Excel Powerpoint Access Posicionar p\u00e1ginas web [\/vc_column_text][\/vc_column][vc_column width=\u00bb1\/2&#8243;][vc_column_text] 2Gesti\u00f3n eficiente. Gesti\u00f3n del tiempo Presentaciones eficaces Trabajo en equipo [\/vc_column_text][\/vc_column][\/vc_row][vc_row equal_height=\u00bbyes\u00bb el_class=\u00bbservicios\u00bb][vc_column width=\u00bb1\/2&#8243;][vc_column_text] 3Optimizaci\u00f3n de procesos. Gesti\u00f3n por procesos [\/vc_column_text][\/vc_column][vc_column width=\u00bb1\/2&#8243;][\/vc_column][\/vc_row]\" \/>\n<meta property=\"og:url\" content=\"https:\/\/qsertic.com\/es\/servicios\/formacion-ti\/\" \/>\n<meta property=\"og:site_name\" content=\"Qsertic\" \/>\n<meta property=\"article:modified_time\" content=\"2020-05-11T16:28:23+00:00\" \/>\n<meta name=\"twitter:card\" content=\"summary_large_image\" \/>\n<meta name=\"twitter:label1\" content=\"Tiempo de lectura\" \/>\n\t<meta name=\"twitter:data1\" content=\"1 minuto\" \/>\n<script type=\"application\/ld+json\" class=\"yoast-schema-graph\">{\"@context\":\"https:\/\/schema.org\",\"@graph\":[{\"@type\":\"WebPage\",\"@id\":\"https:\/\/qsertic.com\/es\/servicios\/formacion-ti\/\",\"url\":\"https:\/\/qsertic.com\/es\/servicios\/formacion-ti\/\",\"name\":\"Formaci\u00f3n TI - Qsertic\",\"isPartOf\":{\"@id\":\"https:\/\/qsertic.com\/es\/#website\"},\"datePublished\":\"2020-05-07T15:52:17+00:00\",\"dateModified\":\"2020-05-11T16:28:23+00:00\",\"breadcrumb\":{\"@id\":\"https:\/\/qsertic.com\/es\/servicios\/formacion-ti\/#breadcrumb\"},\"inLanguage\":\"es\",\"potentialAction\":[{\"@type\":\"ReadAction\",\"target\":[\"https:\/\/qsertic.com\/es\/servicios\/formacion-ti\/\"]}]},{\"@type\":\"BreadcrumbList\",\"@id\":\"https:\/\/qsertic.com\/es\/servicios\/formacion-ti\/#breadcrumb\",\"itemListElement\":[{\"@type\":\"ListItem\",\"position\":1,\"name\":\"Portada\",\"item\":\"https:\/\/qsertic.com\/es\/\"},{\"@type\":\"ListItem\",\"position\":2,\"name\":\"Servicios\",\"item\":\"https:\/\/qsertic.com\/es\/servicios\/\"},{\"@type\":\"ListItem\",\"position\":3,\"name\":\"Formaci\u00f3n TI\"}]},{\"@type\":\"WebSite\",\"@id\":\"https:\/\/qsertic.com\/es\/#website\",\"url\":\"https:\/\/qsertic.com\/es\/\",\"name\":\"Qsertic\",\"description\":\"Tu socio tecnol\u00f3gico\",\"publisher\":{\"@id\":\"https:\/\/qsertic.com\/es\/#organization\"},\"potentialAction\":[{\"@type\":\"SearchAction\",\"target\":{\"@type\":\"EntryPoint\",\"urlTemplate\":\"https:\/\/qsertic.com\/es\/?s={search_term_string}\"},\"query-input\":{\"@type\":\"PropertyValueSpecification\",\"valueRequired\":true,\"valueName\":\"search_term_string\"}}],\"inLanguage\":\"es\"},{\"@type\":\"Organization\",\"@id\":\"https:\/\/qsertic.com\/es\/#organization\",\"name\":\"Qsertic\",\"url\":\"https:\/\/qsertic.com\/es\/\",\"logo\":{\"@type\":\"ImageObject\",\"inLanguage\":\"es\",\"@id\":\"https:\/\/qsertic.com\/es\/#\/schema\/logo\/image\/\",\"url\":\"https:\/\/qsertic.com\/wp-content\/uploads\/2020\/05\/logo.png\",\"contentUrl\":\"https:\/\/qsertic.com\/wp-content\/uploads\/2020\/05\/logo.png\",\"width\":275,\"height\":109,\"caption\":\"Qsertic\"},\"image\":{\"@id\":\"https:\/\/qsertic.com\/es\/#\/schema\/logo\/image\/\"}}]}<\/script>\n<!-- \/ Yoast SEO plugin. -->","yoast_head_json":{"title":"Formaci\u00f3n TI - Qsertic","robots":{"index":"index","follow":"follow","max-snippet":"max-snippet:-1","max-image-preview":"max-image-preview:large","max-video-preview":"max-video-preview:-1"},"canonical":"https:\/\/qsertic.com\/es\/servicios\/formacion-ti\/","og_locale":"es_ES","og_type":"article","og_title":"Formaci\u00f3n TI - Qsertic","og_description":"[vc_row el_class=\u00bbfull-width-img\u00bb][vc_column][vc_single_image image=\u00bb155&#8243;][\/vc_column][\/vc_row][vc_row equal_height=\u00bbyes\u00bb el_class=\u00bbservicios\u00bb][vc_column width=\u00bb1\/2&#8243;][vc_column_text]1Herramientas tecnol\u00f3gicas. Correo electr\u00f3nico. Outlook Word Excel Powerpoint Access Posicionar p\u00e1ginas web [\/vc_column_text][\/vc_column][vc_column width=\u00bb1\/2&#8243;][vc_column_text] 2Gesti\u00f3n eficiente. Gesti\u00f3n del tiempo Presentaciones eficaces Trabajo en equipo [\/vc_column_text][\/vc_column][\/vc_row][vc_row equal_height=\u00bbyes\u00bb el_class=\u00bbservicios\u00bb][vc_column width=\u00bb1\/2&#8243;][vc_column_text] 3Optimizaci\u00f3n de procesos. Gesti\u00f3n por procesos [\/vc_column_text][\/vc_column][vc_column width=\u00bb1\/2&#8243;][\/vc_column][\/vc_row]","og_url":"https:\/\/qsertic.com\/es\/servicios\/formacion-ti\/","og_site_name":"Qsertic","article_modified_time":"2020-05-11T16:28:23+00:00","twitter_card":"summary_large_image","twitter_misc":{"Tiempo de lectura":"1 minuto"},"schema":{"@context":"https:\/\/schema.org","@graph":[{"@type":"WebPage","@id":"https:\/\/qsertic.com\/es\/servicios\/formacion-ti\/","url":"https:\/\/qsertic.com\/es\/servicios\/formacion-ti\/","name":"Formaci\u00f3n TI - Qsertic","isPartOf":{"@id":"https:\/\/qsertic.com\/es\/#website"},"datePublished":"2020-05-07T15:52:17+00:00","dateModified":"2020-05-11T16:28:23+00:00","breadcrumb":{"@id":"https:\/\/qsertic.com\/es\/servicios\/formacion-ti\/#breadcrumb"},"inLanguage":"es","potentialAction":[{"@type":"ReadAction","target":["https:\/\/qsertic.com\/es\/servicios\/formacion-ti\/"]}]},{"@type":"BreadcrumbList","@id":"https:\/\/qsertic.com\/es\/servicios\/formacion-ti\/#breadcrumb","itemListElement":[{"@type":"ListItem","position":1,"name":"Portada","item":"https:\/\/qsertic.com\/es\/"},{"@type":"ListItem","position":2,"name":"Servicios","item":"https:\/\/qsertic.com\/es\/servicios\/"},{"@type":"ListItem","position":3,"name":"Formaci\u00f3n TI"}]},{"@type":"WebSite","@id":"https:\/\/qsertic.com\/es\/#website","url":"https:\/\/qsertic.com\/es\/","name":"Qsertic","description":"Tu socio tecnol\u00f3gico","publisher":{"@id":"https:\/\/qsertic.com\/es\/#organization"},"potentialAction":[{"@type":"SearchAction","target":{"@type":"EntryPoint","urlTemplate":"https:\/\/qsertic.com\/es\/?s={search_term_string}"},"query-input":{"@type":"PropertyValueSpecification","valueRequired":true,"valueName":"search_term_string"}}],"inLanguage":"es"},{"@type":"Organization","@id":"https:\/\/qsertic.com\/es\/#organization","name":"Qsertic","url":"https:\/\/qsertic.com\/es\/","logo":{"@type":"ImageObject","inLanguage":"es","@id":"https:\/\/qsertic.com\/es\/#\/schema\/logo\/image\/","url":"https:\/\/qsertic.com\/wp-content\/uploads\/2020\/05\/logo.png","contentUrl":"https:\/\/qsertic.com\/wp-content\/uploads\/2020\/05\/logo.png","width":275,"height":109,"caption":"Qsertic"},"image":{"@id":"https:\/\/qsertic.com\/es\/#\/schema\/logo\/image\/"}}]}},"_links":{"self":[{"href":"https:\/\/qsertic.com\/es\/wp-json\/wp\/v2\/pages\/29","targetHints":{"allow":["GET"]}}],"collection":[{"href":"https:\/\/qsertic.com\/es\/wp-json\/wp\/v2\/pages"}],"about":[{"href":"https:\/\/qsertic.com\/es\/wp-json\/wp\/v2\/types\/page"}],"author":[{"embeddable":true,"href":"https:\/\/qsertic.com\/es\/wp-json\/wp\/v2\/users\/1"}],"replies":[{"embeddable":true,"href":"https:\/\/qsertic.com\/es\/wp-json\/wp\/v2\/comments?post=29"}],"version-history":[{"count":3,"href":"https:\/\/qsertic.com\/es\/wp-json\/wp\/v2\/pages\/29\/revisions"}],"predecessor-version":[{"id":157,"href":"https:\/\/qsertic.com\/es\/wp-json\/wp\/v2\/pages\/29\/revisions\/157"}],"up":[{"embeddable":true,"href":"https:\/\/qsertic.com\/es\/wp-json\/wp\/v2\/pages\/19"}],"wp:attachment":[{"href":"https:\/\/qsertic.com\/es\/wp-json\/wp\/v2\/media?parent=29"}],"curies":[{"name":"wp","href":"https:\/\/api.w.org\/{rel}","templated":true}]}}