{"id":31,"date":"2020-05-07T15:52:39","date_gmt":"2020-05-07T15:52:39","guid":{"rendered":"https:\/\/mmkt.dev\/qsertic\/?page_id=31"},"modified":"2020-05-11T16:29:11","modified_gmt":"2020-05-11T16:29:11","slug":"business-intelligence","status":"publish","type":"page","link":"https:\/\/qsertic.com\/es\/servicios\/business-intelligence\/","title":{"rendered":"Business Intelligence"},"content":{"rendered":"<div class=\"wpb-content-wrapper\">[vc_row el_class=\u00bbfull-width-img\u00bb][vc_column][vc_single_image image=\u00bb148&#8243;][\/vc_column][\/vc_row][vc_row equal_height=\u00bbyes\u00bb el_class=\u00bbservicios\u00bb][vc_column][vc_column_text]<strong><span class=\"h4\">Dise\u00f1o e Implantaci\u00f3n de Cuadros de Mando.<\/span><\/strong><\/p>\n<p>Un cuadro de mando es la representaci\u00f3n simplificada de un conjunto de indicadores (KPI) que dan una idea de c\u00f3mo se est\u00e1 comportando un \u00e1rea o un proceso de nuestra empresa. El objetivo fundamental es poder tomar decisiones sobre temas claves de la empresa, en base a los datos que se obtienen de los procesos operativos de la misma. Generalmente son sistemas simples e intuitivos que muestran la informaci\u00f3n de una forma gr\u00e1fica (por c\u00f3digos de colores o semaf\u00f3ricos) indicando si ese aspecto va bien (verde) o hay que tomar acciones correctoras para mejorarlo (rojo). El poner en marcha este tipo de tecnologias, est\u00e1 al alcance de cualquier empresa, no es un aspecto exclusivo de las grandes compa\u00f1\u00edas. QSERTIC lleva tiempo dotando a las PYMES de este tipo de soluciones para mejorar su rendimiento y la rentabilidad de sus recursos.[\/vc_column_text][\/vc_column][\/vc_row]\n<\/div>","protected":false},"excerpt":{"rendered":"<p>[vc_row el_class=\u00bbfull-width-img\u00bb][vc_column][vc_single_image image=\u00bb148&#8243;][\/vc_column][\/vc_row][vc_row equal_height=\u00bbyes\u00bb el_class=\u00bbservicios\u00bb][vc_column][vc_column_text]Dise\u00f1o e Implantaci\u00f3n de Cuadros de Mando. Un cuadro de mando es la representaci\u00f3n simplificada de un conjunto de indicadores (KPI) que dan una idea de c\u00f3mo se est\u00e1 comportando un \u00e1rea o un proceso de nuestra empresa. El objetivo fundamental es poder tomar decisiones sobre temas claves de la empresa,&hellip;<\/p>\n","protected":false},"author":1,"featured_media":0,"parent":19,"menu_order":0,"comment_status":"closed","ping_status":"closed","template":"","meta":{"footnotes":""},"class_list":["post-31","page","type-page","status-publish","hentry","entry","no-media"],"yoast_head":"<!-- This site is optimized with the Yoast SEO plugin v26.0 - https:\/\/yoast.com\/wordpress\/plugins\/seo\/ -->\n<title>Business Intelligence - Qsertic<\/title>\n<meta name=\"robots\" content=\"index, follow, max-snippet:-1, max-image-preview:large, max-video-preview:-1\" \/>\n<link rel=\"canonical\" href=\"https:\/\/qsertic.com\/es\/servicios\/business-intelligence\/\" \/>\n<meta property=\"og:locale\" content=\"es_ES\" \/>\n<meta property=\"og:type\" content=\"article\" \/>\n<meta property=\"og:title\" content=\"Business Intelligence - Qsertic\" \/>\n<meta property=\"og:description\" content=\"[vc_row el_class=\u00bbfull-width-img\u00bb][vc_column][vc_single_image image=\u00bb148&#8243;][\/vc_column][\/vc_row][vc_row equal_height=\u00bbyes\u00bb el_class=\u00bbservicios\u00bb][vc_column][vc_column_text]Dise\u00f1o e Implantaci\u00f3n de Cuadros de Mando. Un cuadro de mando es la representaci\u00f3n simplificada de un conjunto de indicadores (KPI) que dan una idea de c\u00f3mo se est\u00e1 comportando un \u00e1rea o un proceso de nuestra empresa. El objetivo fundamental es poder tomar decisiones sobre temas claves de la empresa,&hellip;\" \/>\n<meta property=\"og:url\" content=\"https:\/\/qsertic.com\/es\/servicios\/business-intelligence\/\" \/>\n<meta property=\"og:site_name\" content=\"Qsertic\" \/>\n<meta property=\"article:modified_time\" content=\"2020-05-11T16:29:11+00:00\" \/>\n<meta name=\"twitter:card\" content=\"summary_large_image\" \/>\n<meta name=\"twitter:label1\" content=\"Tiempo de lectura\" \/>\n\t<meta name=\"twitter:data1\" content=\"1 minuto\" \/>\n<script type=\"application\/ld+json\" class=\"yoast-schema-graph\">{\"@context\":\"https:\/\/schema.org\",\"@graph\":[{\"@type\":\"WebPage\",\"@id\":\"https:\/\/qsertic.com\/es\/servicios\/business-intelligence\/\",\"url\":\"https:\/\/qsertic.com\/es\/servicios\/business-intelligence\/\",\"name\":\"Business Intelligence - Qsertic\",\"isPartOf\":{\"@id\":\"https:\/\/qsertic.com\/es\/#website\"},\"datePublished\":\"2020-05-07T15:52:39+00:00\",\"dateModified\":\"2020-05-11T16:29:11+00:00\",\"breadcrumb\":{\"@id\":\"https:\/\/qsertic.com\/es\/servicios\/business-intelligence\/#breadcrumb\"},\"inLanguage\":\"es\",\"potentialAction\":[{\"@type\":\"ReadAction\",\"target\":[\"https:\/\/qsertic.com\/es\/servicios\/business-intelligence\/\"]}]},{\"@type\":\"BreadcrumbList\",\"@id\":\"https:\/\/qsertic.com\/es\/servicios\/business-intelligence\/#breadcrumb\",\"itemListElement\":[{\"@type\":\"ListItem\",\"position\":1,\"name\":\"Portada\",\"item\":\"https:\/\/qsertic.com\/es\/\"},{\"@type\":\"ListItem\",\"position\":2,\"name\":\"Servicios\",\"item\":\"https:\/\/qsertic.com\/es\/servicios\/\"},{\"@type\":\"ListItem\",\"position\":3,\"name\":\"Business Intelligence\"}]},{\"@type\":\"WebSite\",\"@id\":\"https:\/\/qsertic.com\/es\/#website\",\"url\":\"https:\/\/qsertic.com\/es\/\",\"name\":\"Qsertic\",\"description\":\"Tu socio tecnol\u00f3gico\",\"publisher\":{\"@id\":\"https:\/\/qsertic.com\/es\/#organization\"},\"potentialAction\":[{\"@type\":\"SearchAction\",\"target\":{\"@type\":\"EntryPoint\",\"urlTemplate\":\"https:\/\/qsertic.com\/es\/?s={search_term_string}\"},\"query-input\":{\"@type\":\"PropertyValueSpecification\",\"valueRequired\":true,\"valueName\":\"search_term_string\"}}],\"inLanguage\":\"es\"},{\"@type\":\"Organization\",\"@id\":\"https:\/\/qsertic.com\/es\/#organization\",\"name\":\"Qsertic\",\"url\":\"https:\/\/qsertic.com\/es\/\",\"logo\":{\"@type\":\"ImageObject\",\"inLanguage\":\"es\",\"@id\":\"https:\/\/qsertic.com\/es\/#\/schema\/logo\/image\/\",\"url\":\"https:\/\/qsertic.com\/wp-content\/uploads\/2020\/05\/logo.png\",\"contentUrl\":\"https:\/\/qsertic.com\/wp-content\/uploads\/2020\/05\/logo.png\",\"width\":275,\"height\":109,\"caption\":\"Qsertic\"},\"image\":{\"@id\":\"https:\/\/qsertic.com\/es\/#\/schema\/logo\/image\/\"}}]}<\/script>\n<!-- \/ Yoast SEO plugin. -->","yoast_head_json":{"title":"Business Intelligence - Qsertic","robots":{"index":"index","follow":"follow","max-snippet":"max-snippet:-1","max-image-preview":"max-image-preview:large","max-video-preview":"max-video-preview:-1"},"canonical":"https:\/\/qsertic.com\/es\/servicios\/business-intelligence\/","og_locale":"es_ES","og_type":"article","og_title":"Business Intelligence - Qsertic","og_description":"[vc_row el_class=\u00bbfull-width-img\u00bb][vc_column][vc_single_image image=\u00bb148&#8243;][\/vc_column][\/vc_row][vc_row equal_height=\u00bbyes\u00bb el_class=\u00bbservicios\u00bb][vc_column][vc_column_text]Dise\u00f1o e Implantaci\u00f3n de Cuadros de Mando. Un cuadro de mando es la representaci\u00f3n simplificada de un conjunto de indicadores (KPI) que dan una idea de c\u00f3mo se est\u00e1 comportando un \u00e1rea o un proceso de nuestra empresa. El objetivo fundamental es poder tomar decisiones sobre temas claves de la empresa,&hellip;","og_url":"https:\/\/qsertic.com\/es\/servicios\/business-intelligence\/","og_site_name":"Qsertic","article_modified_time":"2020-05-11T16:29:11+00:00","twitter_card":"summary_large_image","twitter_misc":{"Tiempo de lectura":"1 minuto"},"schema":{"@context":"https:\/\/schema.org","@graph":[{"@type":"WebPage","@id":"https:\/\/qsertic.com\/es\/servicios\/business-intelligence\/","url":"https:\/\/qsertic.com\/es\/servicios\/business-intelligence\/","name":"Business Intelligence - Qsertic","isPartOf":{"@id":"https:\/\/qsertic.com\/es\/#website"},"datePublished":"2020-05-07T15:52:39+00:00","dateModified":"2020-05-11T16:29:11+00:00","breadcrumb":{"@id":"https:\/\/qsertic.com\/es\/servicios\/business-intelligence\/#breadcrumb"},"inLanguage":"es","potentialAction":[{"@type":"ReadAction","target":["https:\/\/qsertic.com\/es\/servicios\/business-intelligence\/"]}]},{"@type":"BreadcrumbList","@id":"https:\/\/qsertic.com\/es\/servicios\/business-intelligence\/#breadcrumb","itemListElement":[{"@type":"ListItem","position":1,"name":"Portada","item":"https:\/\/qsertic.com\/es\/"},{"@type":"ListItem","position":2,"name":"Servicios","item":"https:\/\/qsertic.com\/es\/servicios\/"},{"@type":"ListItem","position":3,"name":"Business Intelligence"}]},{"@type":"WebSite","@id":"https:\/\/qsertic.com\/es\/#website","url":"https:\/\/qsertic.com\/es\/","name":"Qsertic","description":"Tu socio tecnol\u00f3gico","publisher":{"@id":"https:\/\/qsertic.com\/es\/#organization"},"potentialAction":[{"@type":"SearchAction","target":{"@type":"EntryPoint","urlTemplate":"https:\/\/qsertic.com\/es\/?s={search_term_string}"},"query-input":{"@type":"PropertyValueSpecification","valueRequired":true,"valueName":"search_term_string"}}],"inLanguage":"es"},{"@type":"Organization","@id":"https:\/\/qsertic.com\/es\/#organization","name":"Qsertic","url":"https:\/\/qsertic.com\/es\/","logo":{"@type":"ImageObject","inLanguage":"es","@id":"https:\/\/qsertic.com\/es\/#\/schema\/logo\/image\/","url":"https:\/\/qsertic.com\/wp-content\/uploads\/2020\/05\/logo.png","contentUrl":"https:\/\/qsertic.com\/wp-content\/uploads\/2020\/05\/logo.png","width":275,"height":109,"caption":"Qsertic"},"image":{"@id":"https:\/\/qsertic.com\/es\/#\/schema\/logo\/image\/"}}]}},"_links":{"self":[{"href":"https:\/\/qsertic.com\/es\/wp-json\/wp\/v2\/pages\/31","targetHints":{"allow":["GET"]}}],"collection":[{"href":"https:\/\/qsertic.com\/es\/wp-json\/wp\/v2\/pages"}],"about":[{"href":"https:\/\/qsertic.com\/es\/wp-json\/wp\/v2\/types\/page"}],"author":[{"embeddable":true,"href":"https:\/\/qsertic.com\/es\/wp-json\/wp\/v2\/users\/1"}],"replies":[{"embeddable":true,"href":"https:\/\/qsertic.com\/es\/wp-json\/wp\/v2\/comments?post=31"}],"version-history":[{"count":2,"href":"https:\/\/qsertic.com\/es\/wp-json\/wp\/v2\/pages\/31\/revisions"}],"predecessor-version":[{"id":158,"href":"https:\/\/qsertic.com\/es\/wp-json\/wp\/v2\/pages\/31\/revisions\/158"}],"up":[{"embeddable":true,"href":"https:\/\/qsertic.com\/es\/wp-json\/wp\/v2\/pages\/19"}],"wp:attachment":[{"href":"https:\/\/qsertic.com\/es\/wp-json\/wp\/v2\/media?parent=31"}],"curies":[{"name":"wp","href":"https:\/\/api.w.org\/{rel}","templated":true}]}}