{"id":33,"date":"2020-05-07T15:52:49","date_gmt":"2020-05-07T15:52:49","guid":{"rendered":"https:\/\/mmkt.dev\/qsertic\/?page_id=33"},"modified":"2020-05-11T16:51:39","modified_gmt":"2020-05-11T16:51:39","slug":"clientes","status":"publish","type":"page","link":"https:\/\/qsertic.com\/es\/clientes\/","title":{"rendered":"Clientes"},"content":{"rendered":"<div class=\"wpb-content-wrapper\">[vc_row equal_height=\u00bbyes\u00bb el_class=\u00bbcliente-wrapper\u00bb][vc_column width=\u00bb1\/2&#8243;]<div class=\"vcex-module vcex-teaser wpex-flex wpex-flex-col cliente-recuadro\"><div class=\"vcex-teaser-media wpex-mb-20 wpex-text-center\"><img width=\"230\" height=\"135\" src=\"https:\/\/qsertic.com\/wp-content\/uploads\/2020\/05\/71f67488b0857639cee631943a3fc6fa_S.jpg\" class=\"wpex-align-middle\" alt=\"\" loading=\"lazy\" decoding=\"async\" \/><\/div><div class=\"vcex-teaser-content\"><h2 class=\"vcex-teaser-heading wpex-heading wpex-text-lg\">PASTAS GALLO<\/h2><div class=\"vcex-teaser-text wpex-mt-10 wpex-last-mb-0 wpex-clr\"><ul>\n<li>Project Management implantaci\u00f3n de los servicios RIM de Gestion de Infraestructuras TI y comunicaciones del Grupo Gallo.<\/li>\n<li>Negociaci\u00f3n y actualizaci\u00f3n contratos mantenimiento infraestructura con partners.<\/li>\n<li>Outsourcing de servicios IT no estrategicos.<\/li>\n<\/ul>\n<\/div><\/div><\/div>[\/vc_column][vc_column width=\u00bb1\/2&#8243;]<div class=\"vcex-module vcex-teaser wpex-flex wpex-flex-col cliente-recuadro\"><div class=\"vcex-teaser-media wpex-mb-20 wpex-text-center\"><img width=\"230\" height=\"135\" src=\"https:\/\/qsertic.com\/wp-content\/uploads\/2020\/05\/iese.jpg\" class=\"wpex-align-middle\" alt=\"\" loading=\"lazy\" decoding=\"async\" \/><\/div><div class=\"vcex-teaser-content\"><h2 class=\"vcex-teaser-heading wpex-heading wpex-text-lg\">IESE<\/h2><div class=\"vcex-teaser-text wpex-mt-10 wpex-last-mb-0 wpex-clr\"><ul>\n<li>Implementacion herramienta de Ticketing interno para Service Desk.<\/li>\n<li>Coordinaci\u00f3n proyectos complejos con equipo internacional.<\/li>\n<li>Implantaci\u00f3n herramientas de Control y Seguimiento en \u00e1rea Antiguos Alumnos.<\/li>\n<li>An\u00e1lisis estrategias Marketing On-line.<\/li>\n<\/ul>\n<\/div><\/div><\/div>[\/vc_column][\/vc_row][vc_row equal_height=\u00bbyes\u00bb el_class=\u00bbcliente-wrapper\u00bb][vc_column width=\u00bb1\/2&#8243;]<div class=\"vcex-module vcex-teaser wpex-flex wpex-flex-col cliente-recuadro\"><div class=\"vcex-teaser-media wpex-mb-20 wpex-text-center\"><img width=\"230\" height=\"84\" src=\"https:\/\/qsertic.com\/wp-content\/uploads\/2020\/05\/9b2c4b44fb86522964124ed80d03c5e8_S.jpg\" class=\"wpex-align-middle\" alt=\"\" loading=\"lazy\" decoding=\"async\" \/><\/div><div class=\"vcex-teaser-content\"><h2 class=\"vcex-teaser-heading wpex-heading wpex-text-lg\">SAVIA LOGIC DESIGN, SL<\/h2><div class=\"vcex-teaser-text wpex-mt-10 wpex-last-mb-0 wpex-clr\"><ul>\n<li>Selecci\u00f3n e implantacion ERP espec\u00edfico (BILLJOBS) para agencias de comunicacion.<\/li>\n<li>Auditor\u00eda y adaptaci\u00f3n a la LOPD.<\/li>\n<\/ul>\n<\/div><\/div><\/div>[\/vc_column][vc_column width=\u00bb1\/2&#8243;]<div class=\"vcex-module vcex-teaser wpex-flex wpex-flex-col cliente-recuadro\"><div class=\"vcex-teaser-media wpex-mb-20 wpex-text-center\"><img width=\"400\" height=\"174\" src=\"https:\/\/qsertic.com\/wp-content\/uploads\/2020\/05\/48ee1e8a0a8f50dce4f8cb9ab418e211_S.jpg\" class=\"wpex-align-middle\" alt=\"\" loading=\"lazy\" decoding=\"async\" srcset=\"https:\/\/qsertic.com\/wp-content\/uploads\/2020\/05\/48ee1e8a0a8f50dce4f8cb9ab418e211_S.jpg 400w, https:\/\/qsertic.com\/wp-content\/uploads\/2020\/05\/48ee1e8a0a8f50dce4f8cb9ab418e211_S-300x131.jpg 300w\" sizes=\"auto, (max-width: 400px) 100vw, 400px\" \/><\/div><div class=\"vcex-teaser-content\"><h2 class=\"vcex-teaser-heading wpex-heading wpex-text-lg\">FLORALBI, S.A.<\/h2><div class=\"vcex-teaser-text wpex-mt-10 wpex-last-mb-0 wpex-clr\"><ul>\n<li>Auditoria de Sistemas. Diagnostico TIC.<\/li>\n<li>Selecci\u00f3n e Implantaci\u00f3n de ERP DAF.<\/li>\n<li>Revisi\u00f3n y adaptacion a la LOPD.<\/li>\n<li>Desarrollo y mantenimiento Web y tienda On-line.<\/li>\n<\/ul>\n<\/div><\/div><\/div>[\/vc_column][\/vc_row][vc_row equal_height=\u00bbyes\u00bb el_class=\u00bbcliente-wrapper\u00bb][vc_column width=\u00bb1\/2&#8243;]<div class=\"vcex-module vcex-teaser wpex-flex wpex-flex-col cliente-recuadro\"><div class=\"vcex-teaser-media wpex-mb-20 wpex-text-center\"><img width=\"400\" height=\"174\" src=\"https:\/\/qsertic.com\/wp-content\/uploads\/2020\/05\/c82cc4e14a1d2c8c8ffff9840d24b558_S.jpg\" class=\"wpex-align-middle\" alt=\"\" loading=\"lazy\" decoding=\"async\" srcset=\"https:\/\/qsertic.com\/wp-content\/uploads\/2020\/05\/c82cc4e14a1d2c8c8ffff9840d24b558_S.jpg 400w, https:\/\/qsertic.com\/wp-content\/uploads\/2020\/05\/c82cc4e14a1d2c8c8ffff9840d24b558_S-300x131.jpg 300w\" sizes=\"auto, (max-width: 400px) 100vw, 400px\" \/><\/div><div class=\"vcex-teaser-content\"><h2 class=\"vcex-teaser-heading wpex-heading wpex-text-lg\">ESCAC<\/h2><div class=\"vcex-teaser-text wpex-mt-10 wpex-last-mb-0 wpex-clr\"><ul>\n<li>Plan de Sistemas de Informaci\u00f3n.<\/li>\n<li>Selecci\u00f3n e Implantaci\u00f3n de ERP Navision.<\/li>\n<\/ul>\n<p><strong>En colaboraci\u00f3n con OPTIMUMTIC:<\/strong><\/p>\n<ul>\n<li>Diagnostico de Sistemas y Recursos asociados.<\/li>\n<li>Outsourcing Recursos TIC.<\/li>\n<\/ul>\n<\/div><\/div><\/div>[\/vc_column][vc_column width=\u00bb1\/2&#8243;]<div class=\"vcex-module vcex-teaser wpex-flex wpex-flex-col cliente-recuadro\"><div class=\"vcex-teaser-media wpex-mb-20 wpex-text-center\"><img width=\"400\" height=\"174\" src=\"https:\/\/qsertic.com\/wp-content\/uploads\/2020\/05\/3899dfe821816fbcb3db3e3b23f81585_S.jpg\" class=\"wpex-align-middle\" alt=\"\" loading=\"lazy\" decoding=\"async\" srcset=\"https:\/\/qsertic.com\/wp-content\/uploads\/2020\/05\/3899dfe821816fbcb3db3e3b23f81585_S.jpg 400w, https:\/\/qsertic.com\/wp-content\/uploads\/2020\/05\/3899dfe821816fbcb3db3e3b23f81585_S-300x131.jpg 300w\" sizes=\"auto, (max-width: 400px) 100vw, 400px\" \/><\/div><div class=\"vcex-teaser-content\"><h2 class=\"vcex-teaser-heading wpex-heading wpex-text-lg\">ESCANDALO FILMS<\/h2><div class=\"vcex-teaser-text wpex-mt-10 wpex-last-mb-0 wpex-clr\"><p><strong>En colaboraci\u00f3n con OPTIMUMTIC:<\/strong><\/p>\n<ul>\n<li>Diagnostico de Sistemas y Recursos asociados.<\/li>\n<li>Outsourcing Recursos TIC.<\/li>\n<\/ul>\n<\/div><\/div><\/div>[\/vc_column][\/vc_row][vc_row equal_height=\u00bbyes\u00bb el_class=\u00bbcliente-wrapper\u00bb][vc_column width=\u00bb1\/2&#8243;]<div class=\"vcex-module vcex-teaser wpex-flex wpex-flex-col cliente-recuadro\"><div class=\"vcex-teaser-media wpex-mb-20 wpex-text-center\"><img width=\"400\" height=\"174\" src=\"https:\/\/qsertic.com\/wp-content\/uploads\/2020\/05\/fd8b0f77d767f1f6640afba6916ff67c_S.jpg\" class=\"wpex-align-middle\" alt=\"\" loading=\"lazy\" decoding=\"async\" srcset=\"https:\/\/qsertic.com\/wp-content\/uploads\/2020\/05\/fd8b0f77d767f1f6640afba6916ff67c_S.jpg 400w, https:\/\/qsertic.com\/wp-content\/uploads\/2020\/05\/fd8b0f77d767f1f6640afba6916ff67c_S-300x131.jpg 300w\" sizes=\"auto, (max-width: 400px) 100vw, 400px\" \/><\/div><div class=\"vcex-teaser-content\"><h2 class=\"vcex-teaser-heading wpex-heading wpex-text-lg\">BIDONES ROMA, S.A.<\/h2><div class=\"vcex-teaser-text wpex-mt-10 wpex-last-mb-0 wpex-clr\"><ul>\n<li>Estrategia e implantacion de Sistemas de Informaci\u00f3n.<\/li>\n<li>Dise\u00f1o e implantaci\u00f3n de Procesos de Gesti\u00f3n.<\/li>\n<li>Estrategia expansi\u00f3n internacional.<\/li>\n<li>Desarrollo y mantenimiento Web corporativa.<\/li>\n<\/ul>\n<\/div><\/div><\/div>[\/vc_column][vc_column width=\u00bb1\/2&#8243;]<div class=\"vcex-module vcex-teaser wpex-flex wpex-flex-col cliente-recuadro\"><div class=\"vcex-teaser-media wpex-mb-20 wpex-text-center\"><img width=\"400\" height=\"174\" src=\"https:\/\/qsertic.com\/wp-content\/uploads\/2020\/05\/fc1da7257992fc36032e11db3df7a664_S.jpg\" class=\"wpex-align-middle\" alt=\"\" loading=\"lazy\" decoding=\"async\" srcset=\"https:\/\/qsertic.com\/wp-content\/uploads\/2020\/05\/fc1da7257992fc36032e11db3df7a664_S.jpg 400w, https:\/\/qsertic.com\/wp-content\/uploads\/2020\/05\/fc1da7257992fc36032e11db3df7a664_S-300x131.jpg 300w\" sizes=\"auto, (max-width: 400px) 100vw, 400px\" \/><\/div><div class=\"vcex-teaser-content\"><h2 class=\"vcex-teaser-heading wpex-heading wpex-text-lg\">MOBELMOL, SL<\/h2><div class=\"vcex-teaser-text wpex-mt-10 wpex-last-mb-0 wpex-clr\"><ul>\n<li>Auditoria de Sistemas. Diagnostico TIC.<\/li>\n<li>Implantaci\u00f3n infraestructura LAN.<\/li>\n<li>Selecci\u00f3n e Implantaci\u00f3n de ERP KAIS SW.<\/li>\n<li>Revisi\u00f3n y adaptacion a la LOPD.<\/li>\n<li>Desarrollo y mantenimiento Web y tienda On-line.<\/li>\n<\/ul>\n<\/div><\/div><\/div>[\/vc_column][\/vc_row][vc_row equal_height=\u00bbyes\u00bb el_class=\u00bbcliente-wrapper\u00bb][vc_column width=\u00bb1\/2&#8243;]<div class=\"vcex-module vcex-teaser wpex-flex wpex-flex-col cliente-recuadro\"><div class=\"vcex-teaser-media wpex-mb-20 wpex-text-center\"><img width=\"400\" height=\"174\" src=\"https:\/\/qsertic.com\/wp-content\/uploads\/2020\/05\/c9b002fe1bb0320831a8ae78670fdb6f_S.jpg\" class=\"wpex-align-middle\" alt=\"\" loading=\"lazy\" decoding=\"async\" srcset=\"https:\/\/qsertic.com\/wp-content\/uploads\/2020\/05\/c9b002fe1bb0320831a8ae78670fdb6f_S.jpg 400w, https:\/\/qsertic.com\/wp-content\/uploads\/2020\/05\/c9b002fe1bb0320831a8ae78670fdb6f_S-300x131.jpg 300w\" sizes=\"auto, (max-width: 400px) 100vw, 400px\" \/><\/div><div class=\"vcex-teaser-content\"><h2 class=\"vcex-teaser-heading wpex-heading wpex-text-lg\">MEDIFORM, SL<\/h2><div class=\"vcex-teaser-text wpex-mt-10 wpex-last-mb-0 wpex-clr\"><ul>\n<li>Auditoria de Sistemas. Diagnostico TIC.<\/li>\n<li>Selecci\u00f3n e Implantaci\u00f3n de ERP Navision.<\/li>\n<li>Apoyo al proceso selecci\u00f3n CIO.<\/li>\n<\/ul>\n<\/div><\/div><\/div>[\/vc_column][vc_column width=\u00bb1\/2&#8243;]<div class=\"vcex-module vcex-teaser wpex-flex wpex-flex-col cliente-recuadro\"><div class=\"vcex-teaser-media wpex-mb-20 wpex-text-center\"><img width=\"400\" height=\"174\" src=\"https:\/\/qsertic.com\/wp-content\/uploads\/2020\/05\/077ab55046ce80eaf9a3ddea999597ca_S.jpg\" class=\"wpex-align-middle\" alt=\"\" loading=\"lazy\" decoding=\"async\" srcset=\"https:\/\/qsertic.com\/wp-content\/uploads\/2020\/05\/077ab55046ce80eaf9a3ddea999597ca_S.jpg 400w, https:\/\/qsertic.com\/wp-content\/uploads\/2020\/05\/077ab55046ce80eaf9a3ddea999597ca_S-300x131.jpg 300w\" sizes=\"auto, (max-width: 400px) 100vw, 400px\" \/><\/div><div class=\"vcex-teaser-content\"><h2 class=\"vcex-teaser-heading wpex-heading wpex-text-lg\">IN20MINUTES<\/h2><div class=\"vcex-teaser-text wpex-mt-10 wpex-last-mb-0 wpex-clr\"><p>(Metodo Dr. Canovas)<\/p>\n<ul>\n<li>Mantenimiento y Soporte al Sistema de Gesti\u00f3n.<\/li>\n<li>Consultor\u00eda Web.<\/li>\n<\/ul>\n<\/div><\/div><\/div>[\/vc_column][\/vc_row][vc_row equal_height=\u00bbyes\u00bb el_class=\u00bbcliente-wrapper\u00bb][vc_column width=\u00bb1\/2&#8243;]<div class=\"vcex-module vcex-teaser wpex-flex wpex-flex-col cliente-recuadro\"><div class=\"vcex-teaser-content\"><h2 class=\"vcex-teaser-heading wpex-heading wpex-text-lg\">MAS PERRUQUERS<\/h2><div class=\"vcex-teaser-text wpex-mt-10 wpex-last-mb-0 wpex-clr\"><ul>\n<li>An\u00e1lisis de la seguridad de los Sistemas.<\/li>\n<li>Implantaci\u00f3n Sistema Gesti\u00f3n en un segundo centro.<\/li>\n<\/ul>\n<\/div><\/div><\/div>[\/vc_column][vc_column width=\u00bb1\/2&#8243;][\/vc_column][\/vc_row]\n<\/div>","protected":false},"excerpt":{"rendered":"<p>[vc_row equal_height=\u00bbyes\u00bb el_class=\u00bbcliente-wrapper\u00bb][vc_column width=\u00bb1\/2&#8243;][\/vc_column][vc_column width=\u00bb1\/2&#8243;][\/vc_column][\/vc_row][vc_row equal_height=\u00bbyes\u00bb el_class=\u00bbcliente-wrapper\u00bb][vc_column width=\u00bb1\/2&#8243;][\/vc_column][vc_column width=\u00bb1\/2&#8243;][\/vc_column][\/vc_row][vc_row equal_height=\u00bbyes\u00bb el_class=\u00bbcliente-wrapper\u00bb][vc_column width=\u00bb1\/2&#8243;][\/vc_column][vc_column width=\u00bb1\/2&#8243;][\/vc_column][\/vc_row][vc_row equal_height=\u00bbyes\u00bb el_class=\u00bbcliente-wrapper\u00bb][vc_column width=\u00bb1\/2&#8243;][\/vc_column][vc_column width=\u00bb1\/2&#8243;][\/vc_column][\/vc_row][vc_row equal_height=\u00bbyes\u00bb el_class=\u00bbcliente-wrapper\u00bb][vc_column width=\u00bb1\/2&#8243;][\/vc_column][vc_column width=\u00bb1\/2&#8243;][\/vc_column][\/vc_row][vc_row equal_height=\u00bbyes\u00bb el_class=\u00bbcliente-wrapper\u00bb][vc_column width=\u00bb1\/2&#8243;][\/vc_column][vc_column width=\u00bb1\/2&#8243;][\/vc_column][\/vc_row]<\/p>\n","protected":false},"author":1,"featured_media":0,"parent":0,"menu_order":0,"comment_status":"closed","ping_status":"closed","template":"","meta":{"footnotes":""},"class_list":["post-33","page","type-page","status-publish","hentry","entry","no-media"],"yoast_head":"<!-- This site is optimized with the Yoast SEO plugin v26.0 - https:\/\/yoast.com\/wordpress\/plugins\/seo\/ -->\n<title>Clientes - Qsertic<\/title>\n<meta name=\"robots\" content=\"index, follow, max-snippet:-1, max-image-preview:large, max-video-preview:-1\" \/>\n<link rel=\"canonical\" href=\"https:\/\/qsertic.com\/es\/clientes\/\" \/>\n<meta property=\"og:locale\" content=\"es_ES\" \/>\n<meta property=\"og:type\" content=\"article\" \/>\n<meta property=\"og:title\" content=\"Clientes - Qsertic\" \/>\n<meta property=\"og:description\" content=\"[vc_row equal_height=\u00bbyes\u00bb el_class=\u00bbcliente-wrapper\u00bb][vc_column width=\u00bb1\/2&#8243;][\/vc_column][vc_column width=\u00bb1\/2&#8243;][\/vc_column][\/vc_row][vc_row equal_height=\u00bbyes\u00bb el_class=\u00bbcliente-wrapper\u00bb][vc_column width=\u00bb1\/2&#8243;][\/vc_column][vc_column width=\u00bb1\/2&#8243;][\/vc_column][\/vc_row][vc_row equal_height=\u00bbyes\u00bb el_class=\u00bbcliente-wrapper\u00bb][vc_column width=\u00bb1\/2&#8243;][\/vc_column][vc_column width=\u00bb1\/2&#8243;][\/vc_column][\/vc_row][vc_row equal_height=\u00bbyes\u00bb el_class=\u00bbcliente-wrapper\u00bb][vc_column width=\u00bb1\/2&#8243;][\/vc_column][vc_column width=\u00bb1\/2&#8243;][\/vc_column][\/vc_row][vc_row equal_height=\u00bbyes\u00bb el_class=\u00bbcliente-wrapper\u00bb][vc_column width=\u00bb1\/2&#8243;][\/vc_column][vc_column width=\u00bb1\/2&#8243;][\/vc_column][\/vc_row][vc_row equal_height=\u00bbyes\u00bb el_class=\u00bbcliente-wrapper\u00bb][vc_column width=\u00bb1\/2&#8243;][\/vc_column][vc_column width=\u00bb1\/2&#8243;][\/vc_column][\/vc_row]\" \/>\n<meta property=\"og:url\" content=\"https:\/\/qsertic.com\/es\/clientes\/\" \/>\n<meta property=\"og:site_name\" content=\"Qsertic\" \/>\n<meta property=\"article:modified_time\" content=\"2020-05-11T16:51:39+00:00\" \/>\n<meta name=\"twitter:card\" content=\"summary_large_image\" \/>\n<meta name=\"twitter:label1\" content=\"Tiempo de lectura\" \/>\n\t<meta name=\"twitter:data1\" content=\"3 minutos\" \/>\n<script type=\"application\/ld+json\" class=\"yoast-schema-graph\">{\"@context\":\"https:\/\/schema.org\",\"@graph\":[{\"@type\":\"WebPage\",\"@id\":\"https:\/\/qsertic.com\/es\/clientes\/\",\"url\":\"https:\/\/qsertic.com\/es\/clientes\/\",\"name\":\"Clientes - Qsertic\",\"isPartOf\":{\"@id\":\"https:\/\/qsertic.com\/es\/#website\"},\"datePublished\":\"2020-05-07T15:52:49+00:00\",\"dateModified\":\"2020-05-11T16:51:39+00:00\",\"breadcrumb\":{\"@id\":\"https:\/\/qsertic.com\/es\/clientes\/#breadcrumb\"},\"inLanguage\":\"es\",\"potentialAction\":[{\"@type\":\"ReadAction\",\"target\":[\"https:\/\/qsertic.com\/es\/clientes\/\"]}]},{\"@type\":\"BreadcrumbList\",\"@id\":\"https:\/\/qsertic.com\/es\/clientes\/#breadcrumb\",\"itemListElement\":[{\"@type\":\"ListItem\",\"position\":1,\"name\":\"Portada\",\"item\":\"https:\/\/qsertic.com\/es\/\"},{\"@type\":\"ListItem\",\"position\":2,\"name\":\"Clientes\"}]},{\"@type\":\"WebSite\",\"@id\":\"https:\/\/qsertic.com\/es\/#website\",\"url\":\"https:\/\/qsertic.com\/es\/\",\"name\":\"Qsertic\",\"description\":\"Tu socio tecnol\u00f3gico\",\"publisher\":{\"@id\":\"https:\/\/qsertic.com\/es\/#organization\"},\"potentialAction\":[{\"@type\":\"SearchAction\",\"target\":{\"@type\":\"EntryPoint\",\"urlTemplate\":\"https:\/\/qsertic.com\/es\/?s={search_term_string}\"},\"query-input\":{\"@type\":\"PropertyValueSpecification\",\"valueRequired\":true,\"valueName\":\"search_term_string\"}}],\"inLanguage\":\"es\"},{\"@type\":\"Organization\",\"@id\":\"https:\/\/qsertic.com\/es\/#organization\",\"name\":\"Qsertic\",\"url\":\"https:\/\/qsertic.com\/es\/\",\"logo\":{\"@type\":\"ImageObject\",\"inLanguage\":\"es\",\"@id\":\"https:\/\/qsertic.com\/es\/#\/schema\/logo\/image\/\",\"url\":\"https:\/\/qsertic.com\/wp-content\/uploads\/2020\/05\/logo.png\",\"contentUrl\":\"https:\/\/qsertic.com\/wp-content\/uploads\/2020\/05\/logo.png\",\"width\":275,\"height\":109,\"caption\":\"Qsertic\"},\"image\":{\"@id\":\"https:\/\/qsertic.com\/es\/#\/schema\/logo\/image\/\"}}]}<\/script>\n<!-- \/ Yoast SEO plugin. -->","yoast_head_json":{"title":"Clientes - Qsertic","robots":{"index":"index","follow":"follow","max-snippet":"max-snippet:-1","max-image-preview":"max-image-preview:large","max-video-preview":"max-video-preview:-1"},"canonical":"https:\/\/qsertic.com\/es\/clientes\/","og_locale":"es_ES","og_type":"article","og_title":"Clientes - Qsertic","og_description":"[vc_row equal_height=\u00bbyes\u00bb el_class=\u00bbcliente-wrapper\u00bb][vc_column width=\u00bb1\/2&#8243;][\/vc_column][vc_column width=\u00bb1\/2&#8243;][\/vc_column][\/vc_row][vc_row equal_height=\u00bbyes\u00bb el_class=\u00bbcliente-wrapper\u00bb][vc_column width=\u00bb1\/2&#8243;][\/vc_column][vc_column width=\u00bb1\/2&#8243;][\/vc_column][\/vc_row][vc_row equal_height=\u00bbyes\u00bb el_class=\u00bbcliente-wrapper\u00bb][vc_column width=\u00bb1\/2&#8243;][\/vc_column][vc_column width=\u00bb1\/2&#8243;][\/vc_column][\/vc_row][vc_row equal_height=\u00bbyes\u00bb el_class=\u00bbcliente-wrapper\u00bb][vc_column width=\u00bb1\/2&#8243;][\/vc_column][vc_column width=\u00bb1\/2&#8243;][\/vc_column][\/vc_row][vc_row equal_height=\u00bbyes\u00bb el_class=\u00bbcliente-wrapper\u00bb][vc_column width=\u00bb1\/2&#8243;][\/vc_column][vc_column width=\u00bb1\/2&#8243;][\/vc_column][\/vc_row][vc_row equal_height=\u00bbyes\u00bb el_class=\u00bbcliente-wrapper\u00bb][vc_column width=\u00bb1\/2&#8243;][\/vc_column][vc_column width=\u00bb1\/2&#8243;][\/vc_column][\/vc_row]","og_url":"https:\/\/qsertic.com\/es\/clientes\/","og_site_name":"Qsertic","article_modified_time":"2020-05-11T16:51:39+00:00","twitter_card":"summary_large_image","twitter_misc":{"Tiempo de lectura":"3 minutos"},"schema":{"@context":"https:\/\/schema.org","@graph":[{"@type":"WebPage","@id":"https:\/\/qsertic.com\/es\/clientes\/","url":"https:\/\/qsertic.com\/es\/clientes\/","name":"Clientes - Qsertic","isPartOf":{"@id":"https:\/\/qsertic.com\/es\/#website"},"datePublished":"2020-05-07T15:52:49+00:00","dateModified":"2020-05-11T16:51:39+00:00","breadcrumb":{"@id":"https:\/\/qsertic.com\/es\/clientes\/#breadcrumb"},"inLanguage":"es","potentialAction":[{"@type":"ReadAction","target":["https:\/\/qsertic.com\/es\/clientes\/"]}]},{"@type":"BreadcrumbList","@id":"https:\/\/qsertic.com\/es\/clientes\/#breadcrumb","itemListElement":[{"@type":"ListItem","position":1,"name":"Portada","item":"https:\/\/qsertic.com\/es\/"},{"@type":"ListItem","position":2,"name":"Clientes"}]},{"@type":"WebSite","@id":"https:\/\/qsertic.com\/es\/#website","url":"https:\/\/qsertic.com\/es\/","name":"Qsertic","description":"Tu socio tecnol\u00f3gico","publisher":{"@id":"https:\/\/qsertic.com\/es\/#organization"},"potentialAction":[{"@type":"SearchAction","target":{"@type":"EntryPoint","urlTemplate":"https:\/\/qsertic.com\/es\/?s={search_term_string}"},"query-input":{"@type":"PropertyValueSpecification","valueRequired":true,"valueName":"search_term_string"}}],"inLanguage":"es"},{"@type":"Organization","@id":"https:\/\/qsertic.com\/es\/#organization","name":"Qsertic","url":"https:\/\/qsertic.com\/es\/","logo":{"@type":"ImageObject","inLanguage":"es","@id":"https:\/\/qsertic.com\/es\/#\/schema\/logo\/image\/","url":"https:\/\/qsertic.com\/wp-content\/uploads\/2020\/05\/logo.png","contentUrl":"https:\/\/qsertic.com\/wp-content\/uploads\/2020\/05\/logo.png","width":275,"height":109,"caption":"Qsertic"},"image":{"@id":"https:\/\/qsertic.com\/es\/#\/schema\/logo\/image\/"}}]}},"_links":{"self":[{"href":"https:\/\/qsertic.com\/es\/wp-json\/wp\/v2\/pages\/33","targetHints":{"allow":["GET"]}}],"collection":[{"href":"https:\/\/qsertic.com\/es\/wp-json\/wp\/v2\/pages"}],"about":[{"href":"https:\/\/qsertic.com\/es\/wp-json\/wp\/v2\/types\/page"}],"author":[{"embeddable":true,"href":"https:\/\/qsertic.com\/es\/wp-json\/wp\/v2\/users\/1"}],"replies":[{"embeddable":true,"href":"https:\/\/qsertic.com\/es\/wp-json\/wp\/v2\/comments?post=33"}],"version-history":[{"count":12,"href":"https:\/\/qsertic.com\/es\/wp-json\/wp\/v2\/pages\/33\/revisions"}],"predecessor-version":[{"id":184,"href":"https:\/\/qsertic.com\/es\/wp-json\/wp\/v2\/pages\/33\/revisions\/184"}],"wp:attachment":[{"href":"https:\/\/qsertic.com\/es\/wp-json\/wp\/v2\/media?parent=33"}],"curies":[{"name":"wp","href":"https:\/\/api.w.org\/{rel}","templated":true}]}}