{"id":37,"date":"2020-05-07T15:53:11","date_gmt":"2020-05-07T15:53:11","guid":{"rendered":"https:\/\/mmkt.dev\/qsertic\/?page_id=37"},"modified":"2020-06-01T10:27:59","modified_gmt":"2020-06-01T10:27:59","slug":"contacto","status":"publish","type":"page","link":"https:\/\/qsertic.com\/es\/contacto\/","title":{"rendered":"Contacto"},"content":{"rendered":"<div class=\"wpb-content-wrapper\">[vc_row][vc_column]<h2 class=\"vcex-heading vcex-heading-plain vcex-module wpex-heading wpex-text-2xl\"><span class=\"vcex-heading-inner wpex-inline-block\">\u00bfCrees que podemos servir de ayuda a tu negocio?<\/span><\/h2>[\/vc_column][\/vc_row][vc_row][vc_column width=\u00bb1\/3&#8243;]<style>.vcex-heading.vcex_69f47e13d88c4{font-size:18px;font-weight:700;}<\/style><div class=\"vcex-heading vcex-heading-plain vcex-module wpex-heading wpex-text-2xl vcex_69f47e13d88c4\"><span class=\"vcex-heading-inner wpex-inline-block\">Datos de contacto<\/span><\/div><div class=\"vcex-spacing wpex-w-100 wpex-clear\"><\/div>[vc_column_text]<strong>Qualitat i Serveis TI Caldes, SL<\/strong><br \/>\n<strong>QSERTIC<\/strong><br \/>\n<strong>Tel.:<\/strong>\u00a0(+34) 93 550 51 02<br \/>\n<strong>Horario de:<\/strong>\u00a009:00 a 19:00<br \/>\n<strong>E-mail:\u00a0<\/strong>\u00a0<a href=\"mailto:info@qsertic.com\">info@qsertic.com<\/a>\u00a0<a href=\"mailto:info@qsertic.com\">info@qsertic.com<\/a><\/p>\n<p><strong>Edifici Infinitum<\/strong><br \/>\nRambla Iberia, 97<br \/>\n08205 \u2013 Sabadell<br \/>\nBARCELONA<\/p>\n<p class=\"module-title\"><strong>Coordenadas GPS<\/strong><\/p>\n<ul>\n<li><strong>Latitud:<\/strong>\u00a041.5409814<\/li>\n<li><strong>Longitud:<\/strong>\u00a02.0962046<\/li>\n<\/ul>\n[\/vc_column_text][\/vc_column][vc_column width=\u00bb2\/3&#8243;]<style>.vcex-heading.vcex_69f47e13d9589{font-size:18px;font-weight:700;}<\/style><div class=\"vcex-heading vcex-heading-plain vcex-module wpex-heading wpex-text-2xl vcex_69f47e13d9589\"><span class=\"vcex-heading-inner wpex-inline-block\">Formulario de contacto<\/span><\/div><div class=\"vcex-spacing wpex-w-100 wpex-clear\"><\/div>[vc_column_text]<div class=\"frm_forms  with_frm_style frm_style_estilos-formidable\" id=\"frm_form_2_container\" >\n<form enctype=\"multipart\/form-data\" method=\"post\" class=\"frm-show-form  frm_js_validate  frm_ajax_submit  frm_pro_form \" id=\"form_contacto\" >\n<div class=\"frm_form_fields \">\n<fieldset>\n<legend class=\"frm_screen_reader\">Contacto<\/legend>\r\n\r\n<div class=\"frm_fields_container\">\n<input type=\"hidden\" name=\"frm_action\" value=\"create\" \/>\n<input type=\"hidden\" name=\"form_id\" value=\"2\" \/>\n<input type=\"hidden\" name=\"frm_hide_fields_2\" id=\"frm_hide_fields_2\" value=\"\" \/>\n<input type=\"hidden\" name=\"form_key\" value=\"contacto\" \/>\n<input type=\"hidden\" name=\"item_meta[0]\" value=\"\" \/>\n<input type=\"hidden\" id=\"frm_submit_entry_2\" name=\"frm_submit_entry_2\" value=\"6f0f0e90af\" \/><input type=\"hidden\" name=\"_wp_http_referer\" value=\"\/es\/wp-json\/wp\/v2\/pages\/37\" \/><div id=\"frm_field_6_container\" class=\"frm_form_field form-field  frm_required_field frm_top_container frm_first frm_half\">\r\n    <label for=\"field_3zmig\" id=\"field_3zmig_label\" class=\"frm_primary_label\">Nombre\r\n        <span class=\"frm_required\">*<\/span>\r\n    <\/label>\r\n    <input  type=\"text\" id=\"field_3zmig\" name=\"item_meta[6]\" value=\"\"  data-reqmsg=\"Este campo no puede estar en blanco.\" aria-required=\"true\" data-invmsg=\"Texto no es v\u00e1lido\" aria-invalid=\"false\"   \/>\r\n    \r\n    \r\n<\/div>\n<div id=\"frm_field_7_container\" class=\"frm_form_field form-field  frm_required_field frm_top_container frm_half\">\r\n    <label for=\"field_dzc07\" id=\"field_dzc07_label\" class=\"frm_primary_label\">Correo electr\u00f3nico\r\n        <span class=\"frm_required\">*<\/span>\r\n    <\/label>\r\n    <input type=\"email\" id=\"field_dzc07\" name=\"item_meta[7]\" value=\"\"  data-reqmsg=\"Este campo no puede estar en blanco.\" aria-required=\"true\" data-invmsg=\"Correo electr\u00f3nico no es v\u00e1lido\" aria-invalid=\"false\"  \/>\r\n    \r\n    \r\n<\/div>\n<div id=\"frm_field_8_container\" class=\"frm_form_field form-field  frm_top_container\">\r\n    <label for=\"field_c6pyu\" id=\"field_c6pyu_label\" class=\"frm_primary_label\">Asunto\r\n        <span class=\"frm_required\"><\/span>\r\n    <\/label>\r\n    <input  type=\"text\" id=\"field_c6pyu\" name=\"item_meta[8]\" value=\"\"  data-invmsg=\"Texto no es v\u00e1lido\" aria-invalid=\"false\"   \/>\r\n    \r\n    \r\n<\/div>\n<div id=\"frm_field_9_container\" class=\"frm_form_field form-field  frm_required_field frm_top_container\">\r\n    <label for=\"field_4ilv4\" id=\"field_4ilv4_label\" class=\"frm_primary_label\">Mensaje\r\n        <span class=\"frm_required\">*<\/span>\r\n    <\/label>\r\n    <textarea name=\"item_meta[9]\" id=\"field_4ilv4\" rows=\"5\"  data-reqmsg=\"Mensaje no puede estar en blanco.\" aria-required=\"true\" data-invmsg=\"Mensaje no es v\u00e1lido\" aria-invalid=\"false\"  ><\/textarea>\r\n    \r\n    \r\n<\/div>\n<div id=\"frm_field_14_container\" class=\"frm_form_field form-field  frm_required_field frm_top_container vertical_radio\">\n    <div  id=\"field_py83a_label\" class=\"frm_primary_label\">Privacidad\n        <span class=\"frm_required\">*<\/span>\n    <\/div>\n    <div class=\"frm_opt_container\" aria-labelledby=\"field_py83a_label\" role=\"group\">\t\t<div class=\"frm_checkbox\" id=\"frm_checkbox_14-0\">\t\t\t<label  for=\"field_py83a-0\">\n\t\t\t<input type=\"checkbox\" name=\"item_meta[14][]\" id=\"field_py83a-0\" value=\"He le\u00eddo y acepto la &lt;a href=&quot;https:\/\/qsertic.com\/politica-de-privacidad\/&quot; target=&quot;blank&quot;&gt;Pol\u00edtica de Privacidad&lt;\/a&gt;\"  data-reqmsg=\"Debes aceptar la pol\u00edtica de privacidad.\" data-invmsg=\"Privacidad no es v\u00e1lido\" aria-invalid=\"false\"   aria-required=\"true\"  \/> He le\u00eddo y acepto la <a href=\"https:\/\/qsertic.com\/politica-de-privacidad\/\" target=\"blank\">Pol\u00edtica de Privacidad<\/a><\/label><\/div>\n<\/div>\n    \n    \n<\/div>\n\t<input type=\"hidden\" name=\"item_key\" value=\"\" \/>\n\t\t\t<div id=\"frm_field_16_container\">\n\t\t\t<label for=\"field_ksyso\" >\n\t\t\t\tSi eres humano, deja este campo en blanco.\t\t\t<\/label>\n\t\t\t<input  id=\"field_ksyso\" type=\"text\" class=\"frm_form_field form-field frm_verify\" name=\"item_meta[16]\" value=\"\"  \/>\n\t\t<\/div>\n\t\t<input name=\"frm_state\" type=\"hidden\" value=\"oKwl0ErjZFIXisshWMdvv0rD1wq+YOuCJmXO+6WDVmLzwFpuT3bhxPReN9\/3CyNH\" \/><div class=\"frm_submit\">\r\n\r\n<button class=\"frm_button_submit frm_final_submit\" type=\"submit\"   formnovalidate=\"formnovalidate\">Enviar<\/button>\r\n\r\n<\/div><\/div>\n<\/fieldset>\n<\/div>\n\n<\/form>\n<\/div>\n[\/vc_column_text][vc_column_text]La comunicaci\u00f3n de sus datos ser\u00e1 objeto de tratamiento por parte del Responsable del Tratamiento\u00a0 <strong>QUALITAT I SERVEIS TI CALDES, S.L.<\/strong>. Esta comunicaci\u00f3n se utilizar\u00e1 exclusivamente para tratar sus datos para atender su solicitud, siempre de acuerdo al Reglamento (UE) 2016\/679 de 27 de abril de 2016 (RGPD), Ley Org\u00e1nica 3\/2018 de 5 de diciembre (LOPDGDD) y dem\u00e1s normativa legal vigente en materia de protecci\u00f3n de datos personales, sobre protecci\u00f3n de datos. Sus datos no se comunicar\u00e1n a terceros, excepto por obligaci\u00f3n legal, y se mantendr\u00e1n mientras no solicite su cancelaci\u00f3n.<\/p>\n<p>En cualquier momento usted puede ejercer los derechos de acceso, rectificaci\u00f3n, portabilidad y oposici\u00f3n, o si procede, a la limitaci\u00f3n y\/o cancelaci\u00f3n del tratamiento, comunic\u00e1ndolo por escrito, indicando sus datos personales a Rambla Iberia, 97 &#8211; INFINITUM FACTORY 08205, SABADELL o mediante un email a <a href=\"mailto:info@qsertic.com\">info@qsertic.com<\/a>.[\/vc_column_text][\/vc_column][\/vc_row][vc_row full_width=\u00bbstretch_row_content_no_spaces\u00bb remove_bottom_col_margin=\u00bbtrue\u00bb][vc_column][vc_gmaps link=\u00bb#E-8_JTNDaWZyYW1lJTIwc3JjJTNEJTIyaHR0cHMlM0ElMkYlMkZ3d3cuZ29vZ2xlLmNvbSUyRm1hcHMlMkZlbWJlZCUzRnBiJTNEJTIxMW0xOCUyMTFtMTIlMjExbTMlMjExZDI5ODYuMzAzNjM4NDU5NDg3JTIxMmQyLjA5NjMyOTQ2NTg2NjgxOTIlMjEzZDQxLjU0MTAyMjQ0NDQxODgyJTIxMm0zJTIxMWYwJTIxMmYwJTIxM2YwJTIxM20yJTIxMWkxMDI0JTIxMmk3NjglMjE0ZjEzLjElMjEzbTMlMjExbTIlMjExczB4MTJhNDk0NTYzNTVlNTc1OSUyNTNBMHg0ZWQzNzljOWViZTQ3NGFhJTIxMnNRdWFsaXRhdCUyNTIwaSUyNTIwU2VydmVpcyUyNTIwVEklMjUyMENhbGRlcyUyNTJDJTI1MjBTTCUyMTVlMCUyMTNtMiUyMTFzY2ElMjEyc2VzJTIxNHYxNTg5MjE2NDc1MTE0JTIxNW0yJTIxMXNjYSUyMTJzZXMlMjIlMjB3aWR0aCUzRCUyMjYwMCUyMiUyMGhlaWdodCUzRCUyMjQ1MCUyMiUyMGZyYW1lYm9yZGVyJTNEJTIyMCUyMiUyMHN0eWxlJTNEJTIyYm9yZGVyJTNBMCUzQiUyMiUyMGFsbG93ZnVsbHNjcmVlbiUzRCUyMiUyMiUyMGFyaWEtaGlkZGVuJTNEJTIyZmFsc2UlMjIlMjB0YWJpbmRleCUzRCUyMjAlMjIlM0UlM0MlMkZpZnJhbWUlM0U=\u00bb size=\u00bb300&#8243;][\/vc_column][\/vc_row]\n<\/div>","protected":false},"excerpt":{"rendered":"<p>[vc_row][vc_column][\/vc_column][\/vc_row][vc_row][vc_column width=\u00bb1\/3&#8243;][vc_column_text]Qualitat i Serveis TI Caldes, SL QSERTIC Tel.:\u00a0(+34) 93 550 51 02 Horario de:\u00a009:00 a 19:00 E-mail:\u00a0\u00a0info@qsertic.com\u00a0info@qsertic.com Edifici Infinitum Rambla Iberia, 97 08205 \u2013 Sabadell BARCELONA Coordenadas GPS Latitud:\u00a041.5409814 Longitud:\u00a02.0962046 [\/vc_column_text][\/vc_column][vc_column width=\u00bb2\/3&#8243;][vc_column_text][\/vc_column_text][vc_column_text]La comunicaci\u00f3n de sus datos ser\u00e1 objeto de tratamiento por parte del Responsable del Tratamiento\u00a0 QUALITAT I SERVEIS TI CALDES, S.L.. Esta comunicaci\u00f3n&hellip;<\/p>\n","protected":false},"author":1,"featured_media":0,"parent":0,"menu_order":0,"comment_status":"closed","ping_status":"closed","template":"","meta":{"footnotes":""},"class_list":["post-37","page","type-page","status-publish","hentry","entry","no-media"],"yoast_head":"<!-- This site is optimized with the Yoast SEO plugin v26.0 - https:\/\/yoast.com\/wordpress\/plugins\/seo\/ -->\n<title>Contacto - Qsertic<\/title>\n<meta name=\"robots\" content=\"index, follow, max-snippet:-1, max-image-preview:large, max-video-preview:-1\" \/>\n<link rel=\"canonical\" href=\"https:\/\/qsertic.com\/es\/contacto\/\" \/>\n<meta property=\"og:locale\" content=\"es_ES\" \/>\n<meta property=\"og:type\" content=\"article\" \/>\n<meta property=\"og:title\" content=\"Contacto - Qsertic\" \/>\n<meta property=\"og:description\" content=\"[vc_row][vc_column][\/vc_column][\/vc_row][vc_row][vc_column width=\u00bb1\/3&#8243;][vc_column_text]Qualitat i Serveis TI Caldes, SL QSERTIC Tel.:\u00a0(+34) 93 550 51 02 Horario de:\u00a009:00 a 19:00 E-mail:\u00a0\u00a0info@qsertic.com\u00a0info@qsertic.com Edifici Infinitum Rambla Iberia, 97 08205 \u2013 Sabadell BARCELONA Coordenadas GPS Latitud:\u00a041.5409814 Longitud:\u00a02.0962046 [\/vc_column_text][\/vc_column][vc_column width=\u00bb2\/3&#8243;][vc_column_text][\/vc_column_text][vc_column_text]La comunicaci\u00f3n de sus datos ser\u00e1 objeto de tratamiento por parte del Responsable del Tratamiento\u00a0 QUALITAT I SERVEIS TI CALDES, S.L.. Esta comunicaci\u00f3n&hellip;\" \/>\n<meta property=\"og:url\" content=\"https:\/\/qsertic.com\/es\/contacto\/\" \/>\n<meta property=\"og:site_name\" content=\"Qsertic\" \/>\n<meta property=\"article:modified_time\" content=\"2020-06-01T10:27:59+00:00\" \/>\n<meta name=\"twitter:card\" content=\"summary_large_image\" \/>\n<meta name=\"twitter:label1\" content=\"Tiempo de lectura\" \/>\n\t<meta name=\"twitter:data1\" content=\"2 minutos\" \/>\n<script type=\"application\/ld+json\" class=\"yoast-schema-graph\">{\"@context\":\"https:\/\/schema.org\",\"@graph\":[{\"@type\":\"WebPage\",\"@id\":\"https:\/\/qsertic.com\/es\/contacto\/\",\"url\":\"https:\/\/qsertic.com\/es\/contacto\/\",\"name\":\"Contacto - Qsertic\",\"isPartOf\":{\"@id\":\"https:\/\/qsertic.com\/es\/#website\"},\"datePublished\":\"2020-05-07T15:53:11+00:00\",\"dateModified\":\"2020-06-01T10:27:59+00:00\",\"breadcrumb\":{\"@id\":\"https:\/\/qsertic.com\/es\/contacto\/#breadcrumb\"},\"inLanguage\":\"es\",\"potentialAction\":[{\"@type\":\"ReadAction\",\"target\":[\"https:\/\/qsertic.com\/es\/contacto\/\"]}]},{\"@type\":\"BreadcrumbList\",\"@id\":\"https:\/\/qsertic.com\/es\/contacto\/#breadcrumb\",\"itemListElement\":[{\"@type\":\"ListItem\",\"position\":1,\"name\":\"Portada\",\"item\":\"https:\/\/qsertic.com\/es\/\"},{\"@type\":\"ListItem\",\"position\":2,\"name\":\"Contacto\"}]},{\"@type\":\"WebSite\",\"@id\":\"https:\/\/qsertic.com\/es\/#website\",\"url\":\"https:\/\/qsertic.com\/es\/\",\"name\":\"Qsertic\",\"description\":\"Tu socio tecnol\u00f3gico\",\"publisher\":{\"@id\":\"https:\/\/qsertic.com\/es\/#organization\"},\"potentialAction\":[{\"@type\":\"SearchAction\",\"target\":{\"@type\":\"EntryPoint\",\"urlTemplate\":\"https:\/\/qsertic.com\/es\/?s={search_term_string}\"},\"query-input\":{\"@type\":\"PropertyValueSpecification\",\"valueRequired\":true,\"valueName\":\"search_term_string\"}}],\"inLanguage\":\"es\"},{\"@type\":\"Organization\",\"@id\":\"https:\/\/qsertic.com\/es\/#organization\",\"name\":\"Qsertic\",\"url\":\"https:\/\/qsertic.com\/es\/\",\"logo\":{\"@type\":\"ImageObject\",\"inLanguage\":\"es\",\"@id\":\"https:\/\/qsertic.com\/es\/#\/schema\/logo\/image\/\",\"url\":\"https:\/\/qsertic.com\/wp-content\/uploads\/2020\/05\/logo.png\",\"contentUrl\":\"https:\/\/qsertic.com\/wp-content\/uploads\/2020\/05\/logo.png\",\"width\":275,\"height\":109,\"caption\":\"Qsertic\"},\"image\":{\"@id\":\"https:\/\/qsertic.com\/es\/#\/schema\/logo\/image\/\"}}]}<\/script>\n<!-- \/ Yoast SEO plugin. -->","yoast_head_json":{"title":"Contacto - Qsertic","robots":{"index":"index","follow":"follow","max-snippet":"max-snippet:-1","max-image-preview":"max-image-preview:large","max-video-preview":"max-video-preview:-1"},"canonical":"https:\/\/qsertic.com\/es\/contacto\/","og_locale":"es_ES","og_type":"article","og_title":"Contacto - Qsertic","og_description":"[vc_row][vc_column][\/vc_column][\/vc_row][vc_row][vc_column width=\u00bb1\/3&#8243;][vc_column_text]Qualitat i Serveis TI Caldes, SL QSERTIC Tel.:\u00a0(+34) 93 550 51 02 Horario de:\u00a009:00 a 19:00 E-mail:\u00a0\u00a0info@qsertic.com\u00a0info@qsertic.com Edifici Infinitum Rambla Iberia, 97 08205 \u2013 Sabadell BARCELONA Coordenadas GPS Latitud:\u00a041.5409814 Longitud:\u00a02.0962046 [\/vc_column_text][\/vc_column][vc_column width=\u00bb2\/3&#8243;][vc_column_text][\/vc_column_text][vc_column_text]La comunicaci\u00f3n de sus datos ser\u00e1 objeto de tratamiento por parte del Responsable del Tratamiento\u00a0 QUALITAT I SERVEIS TI CALDES, S.L.. Esta comunicaci\u00f3n&hellip;","og_url":"https:\/\/qsertic.com\/es\/contacto\/","og_site_name":"Qsertic","article_modified_time":"2020-06-01T10:27:59+00:00","twitter_card":"summary_large_image","twitter_misc":{"Tiempo de lectura":"2 minutos"},"schema":{"@context":"https:\/\/schema.org","@graph":[{"@type":"WebPage","@id":"https:\/\/qsertic.com\/es\/contacto\/","url":"https:\/\/qsertic.com\/es\/contacto\/","name":"Contacto - Qsertic","isPartOf":{"@id":"https:\/\/qsertic.com\/es\/#website"},"datePublished":"2020-05-07T15:53:11+00:00","dateModified":"2020-06-01T10:27:59+00:00","breadcrumb":{"@id":"https:\/\/qsertic.com\/es\/contacto\/#breadcrumb"},"inLanguage":"es","potentialAction":[{"@type":"ReadAction","target":["https:\/\/qsertic.com\/es\/contacto\/"]}]},{"@type":"BreadcrumbList","@id":"https:\/\/qsertic.com\/es\/contacto\/#breadcrumb","itemListElement":[{"@type":"ListItem","position":1,"name":"Portada","item":"https:\/\/qsertic.com\/es\/"},{"@type":"ListItem","position":2,"name":"Contacto"}]},{"@type":"WebSite","@id":"https:\/\/qsertic.com\/es\/#website","url":"https:\/\/qsertic.com\/es\/","name":"Qsertic","description":"Tu socio tecnol\u00f3gico","publisher":{"@id":"https:\/\/qsertic.com\/es\/#organization"},"potentialAction":[{"@type":"SearchAction","target":{"@type":"EntryPoint","urlTemplate":"https:\/\/qsertic.com\/es\/?s={search_term_string}"},"query-input":{"@type":"PropertyValueSpecification","valueRequired":true,"valueName":"search_term_string"}}],"inLanguage":"es"},{"@type":"Organization","@id":"https:\/\/qsertic.com\/es\/#organization","name":"Qsertic","url":"https:\/\/qsertic.com\/es\/","logo":{"@type":"ImageObject","inLanguage":"es","@id":"https:\/\/qsertic.com\/es\/#\/schema\/logo\/image\/","url":"https:\/\/qsertic.com\/wp-content\/uploads\/2020\/05\/logo.png","contentUrl":"https:\/\/qsertic.com\/wp-content\/uploads\/2020\/05\/logo.png","width":275,"height":109,"caption":"Qsertic"},"image":{"@id":"https:\/\/qsertic.com\/es\/#\/schema\/logo\/image\/"}}]}},"_links":{"self":[{"href":"https:\/\/qsertic.com\/es\/wp-json\/wp\/v2\/pages\/37","targetHints":{"allow":["GET"]}}],"collection":[{"href":"https:\/\/qsertic.com\/es\/wp-json\/wp\/v2\/pages"}],"about":[{"href":"https:\/\/qsertic.com\/es\/wp-json\/wp\/v2\/types\/page"}],"author":[{"embeddable":true,"href":"https:\/\/qsertic.com\/es\/wp-json\/wp\/v2\/users\/1"}],"replies":[{"embeddable":true,"href":"https:\/\/qsertic.com\/es\/wp-json\/wp\/v2\/comments?post=37"}],"version-history":[{"count":22,"href":"https:\/\/qsertic.com\/es\/wp-json\/wp\/v2\/pages\/37\/revisions"}],"predecessor-version":[{"id":330,"href":"https:\/\/qsertic.com\/es\/wp-json\/wp\/v2\/pages\/37\/revisions\/330"}],"wp:attachment":[{"href":"https:\/\/qsertic.com\/es\/wp-json\/wp\/v2\/media?parent=37"}],"curies":[{"name":"wp","href":"https:\/\/api.w.org\/{rel}","templated":true}]}}